{"id":435,"date":"2021-05-20T15:11:56","date_gmt":"2021-05-20T13:11:56","guid":{"rendered":"https:\/\/laizisabel.com\/?post_type=product&#038;p=435"},"modified":"2021-10-04T07:54:20","modified_gmt":"2021-10-04T05:54:20","slug":"personnalisation","status":"publish","type":"product","link":"https:\/\/laizisabel.com\/index.php\/produit\/personnalisation\/","title":{"rendered":"Personnalisation"},"content":{"rendered":"<p>Vous voulez personnaliser votre produit\u00a0 ?<\/p>\n<p>Je peux ajouter un pr\u00e9nom et\/ou quelques mots en flex\u00a0 dor\u00e9 ou de couleur selon le produit choisi.<br \/>\nSi vous choisissez la cape de bain, la personnalisation sera faite sur la capuche (pr\u00e9nom) ou sur le sac d&#8217;emballage en tissu, r\u00e9utilisable, qui accompagne l&rsquo;article,\u00a0 comme vous voulez&#8230;il suffit de le pr\u00e9ciser en\u00a0 \u00ab\u00a0notes de commande\u00a0\u00bb. Les photos des sacs de la galerie sont \u00e0 titre d&rsquo;exemple; je me r\u00e9serve le droit et le plaisir de choisir le motif !<br \/>\nProt\u00e8ge carnet de sant\u00e9, bavoir (sauf enduit),cape de bain, pochettes \u00e0 zip, sont des produits personnalisables.<\/p>\n<p>Cette technique r\u00e9siste au lavage et les produits utilis\u00e9s sont \u00e9galement certifi\u00e9s Oeko-tex.<\/p>\n<p>Pour cela, ajoutez dans votre panier, l&rsquo;article \u00e0 personnaliser ainsi que l&rsquo;article \u00ab\u00a0personnalisation\u00a0\u00bb.<br \/>\nAu moment de votre commande, vous pourrez m&rsquo;indiquer dans la zone \u00ab\u00a0notes de commande\u00a0\u00bb, le pr\u00e9nom, ou le texte court ,5 mots maximum inclus pr\u00e9nom\u00a0 exemple \u00ab\u00a0les petits tr\u00e9sors de Charlotte\u00a0\u00bb , ainsi que \u00ab\u00a0dor\u00e9\u00a0\u00bb ou \u00ab\u00a0couleur\u00a0\u00bb<\/p>\n<p>Je serai ravie de personnaliser votre article.<\/p>\n","protected":false},"excerpt":{"rendered":"<p>Flocage du pr\u00e9nom et\/ou d&rsquo;un texte court en flex.<\/p>\n","protected":false},"featured_media":778,"comment_status":"closed","ping_status":"closed","template":"","meta":{"inline_featured_image":false,"ocean_post_layout":"","ocean_both_sidebars_style":"","ocean_both_sidebars_content_width":0,"ocean_both_sidebars_sidebars_width":0,"ocean_sidebar":"0","ocean_second_sidebar":"0","ocean_disable_margins":"enable","ocean_add_body_class":"","ocean_shortcode_before_top_bar":"","ocean_shortcode_after_top_bar":"","ocean_shortcode_before_header":"","ocean_shortcode_after_header":"","ocean_has_shortcode":"","ocean_shortcode_after_title":"","ocean_shortcode_before_footer_widgets":"","ocean_shortcode_after_footer_widgets":"","ocean_shortcode_before_footer_bottom":"","ocean_shortcode_after_footer_bottom":"","ocean_display_top_bar":"default","ocean_display_header":"default","ocean_header_style":"","ocean_center_header_left_menu":"0","ocean_custom_header_template":"0","ocean_custom_logo":0,"ocean_custom_retina_logo":0,"ocean_custom_logo_max_width":0,"ocean_custom_logo_tablet_max_width":0,"ocean_custom_logo_mobile_max_width":0,"ocean_custom_logo_max_height":0,"ocean_custom_logo_tablet_max_height":0,"ocean_custom_logo_mobile_max_height":0,"ocean_header_custom_menu":"0","ocean_menu_typo_font_family":"0","ocean_menu_typo_font_subset":"","ocean_menu_typo_font_size":0,"ocean_menu_typo_font_size_tablet":0,"ocean_menu_typo_font_size_mobile":0,"ocean_menu_typo_font_size_unit":"px","ocean_menu_typo_font_weight":"","ocean_menu_typo_font_weight_tablet":"","ocean_menu_typo_font_weight_mobile":"","ocean_menu_typo_transform":"","ocean_menu_typo_transform_tablet":"","ocean_menu_typo_transform_mobile":"","ocean_menu_typo_line_height":0,"ocean_menu_typo_line_height_tablet":0,"ocean_menu_typo_line_height_mobile":0,"ocean_menu_typo_line_height_unit":"","ocean_menu_typo_spacing":0,"ocean_menu_typo_spacing_tablet":0,"ocean_menu_typo_spacing_mobile":0,"ocean_menu_typo_spacing_unit":"","ocean_menu_link_color":"","ocean_menu_link_color_hover":"","ocean_menu_link_color_active":"","ocean_menu_link_background":"","ocean_menu_link_hover_background":"","ocean_menu_link_active_background":"","ocean_menu_social_links_bg":"","ocean_menu_social_hover_links_bg":"","ocean_menu_social_links_color":"","ocean_menu_social_hover_links_color":"","ocean_disable_title":"default","ocean_disable_heading":"default","ocean_post_title":"","ocean_post_subheading":"","ocean_post_title_style":"","ocean_post_title_background_color":"","ocean_post_title_background":0,"ocean_post_title_bg_image_position":"","ocean_post_title_bg_image_attachment":"","ocean_post_title_bg_image_repeat":"","ocean_post_title_bg_image_size":"","ocean_post_title_height":0,"ocean_post_title_bg_overlay":0.5,"ocean_post_title_bg_overlay_color":"","ocean_disable_breadcrumbs":"default","ocean_breadcrumbs_color":"","ocean_breadcrumbs_separator_color":"","ocean_breadcrumbs_links_color":"","ocean_breadcrumbs_links_hover_color":"","ocean_display_footer_widgets":"default","ocean_display_footer_bottom":"default","ocean_custom_footer_template":"0"},"product_brand":[],"product_cat":[27,22],"product_tag":[25,33,24,96,62,63,74],"class_list":{"0":"post-435","1":"product","2":"type-product","3":"status-publish","4":"has-post-thumbnail","6":"product_cat-accessoires","7":"product_cat-enfant","8":"product_tag-bain","9":"product_tag-bavoir","10":"product_tag-bebe","11":"product_tag-cape-de-bain","12":"product_tag-personnalisation","13":"product_tag-prenom","14":"product_tag-protege-carnet","16":"entry","17":"has-media","19":"first","20":"instock","21":"sale","22":"shipping-taxable","23":"purchasable","24":"product-type-simple","25":"has-product-nav","26":"col","27":"span_1_of_3","28":"owp-content-center","29":"owp-thumbs-layout-horizontal","30":"owp-btn-normal","31":"owp-tabs-layout-horizontal"},"yoast_head":"<!-- This site is optimized with the Yoast SEO plugin v27.0 - https:\/\/yoast.com\/product\/yoast-seo-wordpress\/ -->\n<title>Personnalisation - LAIZISABEL<\/title>\n<meta name=\"robots\" content=\"noindex, nofollow\" \/>\n<meta property=\"og:locale\" content=\"fr_FR\" \/>\n<meta property=\"og:type\" content=\"article\" \/>\n<meta property=\"og:title\" content=\"Personnalisation - LAIZISABEL\" \/>\n<meta property=\"og:description\" content=\"Flocage du pr\u00e9nom et\/ou d&#039;un texte court en flex.\" \/>\n<meta property=\"og:url\" content=\"https:\/\/laizisabel.com\/index.php\/produit\/personnalisation\/\" \/>\n<meta property=\"og:site_name\" content=\"LAIZISABEL\" \/>\n<meta property=\"article:modified_time\" content=\"2021-10-04T05:54:20+00:00\" \/>\n<meta property=\"og:image\" content=\"https:\/\/i1.wp.com\/laizisabel.com\/wp-content\/uploads\/2021\/05\/DSC02173.jpg?fit=1920%2C1920&ssl=1\" \/>\n\t<meta property=\"og:image:width\" content=\"1920\" \/>\n\t<meta property=\"og:image:height\" content=\"1920\" \/>\n\t<meta property=\"og:image:type\" content=\"image\/jpeg\" \/>\n<meta name=\"twitter:card\" content=\"summary_large_image\" \/>\n<meta name=\"twitter:label1\" content=\"Dur\u00e9e de lecture estim\u00e9e\" \/>\n\t<meta name=\"twitter:data1\" content=\"1 minute\" \/>\n<script type=\"application\/ld+json\" class=\"yoast-schema-graph\">{\"@context\":\"https:\/\/schema.org\",\"@graph\":[{\"@type\":\"WebPage\",\"@id\":\"https:\/\/laizisabel.com\/index.php\/produit\/personnalisation\/\",\"url\":\"https:\/\/laizisabel.com\/index.php\/produit\/personnalisation\/\",\"name\":\"Personnalisation - LAIZISABEL\",\"isPartOf\":{\"@id\":\"https:\/\/laizisabel.com\/#website\"},\"primaryImageOfPage\":{\"@id\":\"https:\/\/laizisabel.com\/index.php\/produit\/personnalisation\/#primaryimage\"},\"image\":{\"@id\":\"https:\/\/laizisabel.com\/index.php\/produit\/personnalisation\/#primaryimage\"},\"thumbnailUrl\":\"https:\/\/i0.wp.com\/laizisabel.com\/wp-content\/uploads\/2021\/05\/DSC02173.jpg?fit=1920%2C1920&ssl=1\",\"datePublished\":\"2021-05-20T13:11:56+00:00\",\"dateModified\":\"2021-10-04T05:54:20+00:00\",\"breadcrumb\":{\"@id\":\"https:\/\/laizisabel.com\/index.php\/produit\/personnalisation\/#breadcrumb\"},\"inLanguage\":\"fr-FR\",\"potentialAction\":[{\"@type\":\"ReadAction\",\"target\":[\"https:\/\/laizisabel.com\/index.php\/produit\/personnalisation\/\"]}]},{\"@type\":\"ImageObject\",\"inLanguage\":\"fr-FR\",\"@id\":\"https:\/\/laizisabel.com\/index.php\/produit\/personnalisation\/#primaryimage\",\"url\":\"https:\/\/i0.wp.com\/laizisabel.com\/wp-content\/uploads\/2021\/05\/DSC02173.jpg?fit=1920%2C1920&ssl=1\",\"contentUrl\":\"https:\/\/i0.wp.com\/laizisabel.com\/wp-content\/uploads\/2021\/05\/DSC02173.jpg?fit=1920%2C1920&ssl=1\",\"width\":1920,\"height\":1920,\"caption\":\"personnalisation\"},{\"@type\":\"BreadcrumbList\",\"@id\":\"https:\/\/laizisabel.com\/index.php\/produit\/personnalisation\/#breadcrumb\",\"itemListElement\":[{\"@type\":\"ListItem\",\"position\":1,\"name\":\"Accueil\",\"item\":\"https:\/\/laizisabel.com\/\"},{\"@type\":\"ListItem\",\"position\":2,\"name\":\"Boutique\",\"item\":\"https:\/\/laizisabel.com\/index.php\/boutique\/\"},{\"@type\":\"ListItem\",\"position\":3,\"name\":\"Personnalisation\"}]},{\"@type\":\"WebSite\",\"@id\":\"https:\/\/laizisabel.com\/#website\",\"url\":\"https:\/\/laizisabel.com\/\",\"name\":\"LAIZISABEL\",\"description\":\"Cr\u00e9ations Couture\",\"publisher\":{\"@id\":\"https:\/\/laizisabel.com\/#organization\"},\"potentialAction\":[{\"@type\":\"SearchAction\",\"target\":{\"@type\":\"EntryPoint\",\"urlTemplate\":\"https:\/\/laizisabel.com\/?s={search_term_string}\"},\"query-input\":{\"@type\":\"PropertyValueSpecification\",\"valueRequired\":true,\"valueName\":\"search_term_string\"}}],\"inLanguage\":\"fr-FR\"},{\"@type\":\"Organization\",\"@id\":\"https:\/\/laizisabel.com\/#organization\",\"name\":\"LAIZISABEL Cr\u00e9ations Couture\",\"url\":\"https:\/\/laizisabel.com\/\",\"logo\":{\"@type\":\"ImageObject\",\"inLanguage\":\"fr-FR\",\"@id\":\"https:\/\/laizisabel.com\/#\/schema\/logo\/image\/\",\"url\":\"https:\/\/i0.wp.com\/laizisabel.com\/wp-content\/uploads\/2021\/05\/logo-rond-texte-473.png?fit=473%2C473&ssl=1\",\"contentUrl\":\"https:\/\/i0.wp.com\/laizisabel.com\/wp-content\/uploads\/2021\/05\/logo-rond-texte-473.png?fit=473%2C473&ssl=1\",\"width\":473,\"height\":473,\"caption\":\"LAIZISABEL Cr\u00e9ations Couture\"},\"image\":{\"@id\":\"https:\/\/laizisabel.com\/#\/schema\/logo\/image\/\"}}]}<\/script>\n<!-- \/ Yoast SEO plugin. -->","yoast_head_json":{"title":"Personnalisation - LAIZISABEL","robots":{"index":"noindex","follow":"nofollow"},"og_locale":"fr_FR","og_type":"article","og_title":"Personnalisation - LAIZISABEL","og_description":"Flocage du pr\u00e9nom et\/ou d'un texte court en flex.","og_url":"https:\/\/laizisabel.com\/index.php\/produit\/personnalisation\/","og_site_name":"LAIZISABEL","article_modified_time":"2021-10-04T05:54:20+00:00","og_image":[{"width":1920,"height":1920,"url":"https:\/\/i1.wp.com\/laizisabel.com\/wp-content\/uploads\/2021\/05\/DSC02173.jpg?fit=1920%2C1920&ssl=1","type":"image\/jpeg"}],"twitter_card":"summary_large_image","twitter_misc":{"Dur\u00e9e de lecture estim\u00e9e":"1 minute"},"schema":{"@context":"https:\/\/schema.org","@graph":[{"@type":"WebPage","@id":"https:\/\/laizisabel.com\/index.php\/produit\/personnalisation\/","url":"https:\/\/laizisabel.com\/index.php\/produit\/personnalisation\/","name":"Personnalisation - LAIZISABEL","isPartOf":{"@id":"https:\/\/laizisabel.com\/#website"},"primaryImageOfPage":{"@id":"https:\/\/laizisabel.com\/index.php\/produit\/personnalisation\/#primaryimage"},"image":{"@id":"https:\/\/laizisabel.com\/index.php\/produit\/personnalisation\/#primaryimage"},"thumbnailUrl":"https:\/\/i0.wp.com\/laizisabel.com\/wp-content\/uploads\/2021\/05\/DSC02173.jpg?fit=1920%2C1920&ssl=1","datePublished":"2021-05-20T13:11:56+00:00","dateModified":"2021-10-04T05:54:20+00:00","breadcrumb":{"@id":"https:\/\/laizisabel.com\/index.php\/produit\/personnalisation\/#breadcrumb"},"inLanguage":"fr-FR","potentialAction":[{"@type":"ReadAction","target":["https:\/\/laizisabel.com\/index.php\/produit\/personnalisation\/"]}]},{"@type":"ImageObject","inLanguage":"fr-FR","@id":"https:\/\/laizisabel.com\/index.php\/produit\/personnalisation\/#primaryimage","url":"https:\/\/i0.wp.com\/laizisabel.com\/wp-content\/uploads\/2021\/05\/DSC02173.jpg?fit=1920%2C1920&ssl=1","contentUrl":"https:\/\/i0.wp.com\/laizisabel.com\/wp-content\/uploads\/2021\/05\/DSC02173.jpg?fit=1920%2C1920&ssl=1","width":1920,"height":1920,"caption":"personnalisation"},{"@type":"BreadcrumbList","@id":"https:\/\/laizisabel.com\/index.php\/produit\/personnalisation\/#breadcrumb","itemListElement":[{"@type":"ListItem","position":1,"name":"Accueil","item":"https:\/\/laizisabel.com\/"},{"@type":"ListItem","position":2,"name":"Boutique","item":"https:\/\/laizisabel.com\/index.php\/boutique\/"},{"@type":"ListItem","position":3,"name":"Personnalisation"}]},{"@type":"WebSite","@id":"https:\/\/laizisabel.com\/#website","url":"https:\/\/laizisabel.com\/","name":"LAIZISABEL","description":"Cr\u00e9ations Couture","publisher":{"@id":"https:\/\/laizisabel.com\/#organization"},"potentialAction":[{"@type":"SearchAction","target":{"@type":"EntryPoint","urlTemplate":"https:\/\/laizisabel.com\/?s={search_term_string}"},"query-input":{"@type":"PropertyValueSpecification","valueRequired":true,"valueName":"search_term_string"}}],"inLanguage":"fr-FR"},{"@type":"Organization","@id":"https:\/\/laizisabel.com\/#organization","name":"LAIZISABEL Cr\u00e9ations Couture","url":"https:\/\/laizisabel.com\/","logo":{"@type":"ImageObject","inLanguage":"fr-FR","@id":"https:\/\/laizisabel.com\/#\/schema\/logo\/image\/","url":"https:\/\/i0.wp.com\/laizisabel.com\/wp-content\/uploads\/2021\/05\/logo-rond-texte-473.png?fit=473%2C473&ssl=1","contentUrl":"https:\/\/i0.wp.com\/laizisabel.com\/wp-content\/uploads\/2021\/05\/logo-rond-texte-473.png?fit=473%2C473&ssl=1","width":473,"height":473,"caption":"LAIZISABEL Cr\u00e9ations Couture"},"image":{"@id":"https:\/\/laizisabel.com\/#\/schema\/logo\/image\/"}}]}},"jetpack_sharing_enabled":true,"_links":{"self":[{"href":"https:\/\/laizisabel.com\/index.php\/wp-json\/wp\/v2\/product\/435","targetHints":{"allow":["GET"]}}],"collection":[{"href":"https:\/\/laizisabel.com\/index.php\/wp-json\/wp\/v2\/product"}],"about":[{"href":"https:\/\/laizisabel.com\/index.php\/wp-json\/wp\/v2\/types\/product"}],"replies":[{"embeddable":true,"href":"https:\/\/laizisabel.com\/index.php\/wp-json\/wp\/v2\/comments?post=435"}],"version-history":[{"count":0,"href":"https:\/\/laizisabel.com\/index.php\/wp-json\/wp\/v2\/product\/435\/revisions"}],"wp:featuredmedia":[{"embeddable":true,"href":"https:\/\/laizisabel.com\/index.php\/wp-json\/wp\/v2\/media\/778"}],"wp:attachment":[{"href":"https:\/\/laizisabel.com\/index.php\/wp-json\/wp\/v2\/media?parent=435"}],"wp:term":[{"taxonomy":"product_brand","embeddable":true,"href":"https:\/\/laizisabel.com\/index.php\/wp-json\/wp\/v2\/product_brand?post=435"},{"taxonomy":"product_cat","embeddable":true,"href":"https:\/\/laizisabel.com\/index.php\/wp-json\/wp\/v2\/product_cat?post=435"},{"taxonomy":"product_tag","embeddable":true,"href":"https:\/\/laizisabel.com\/index.php\/wp-json\/wp\/v2\/product_tag?post=435"}],"curies":[{"name":"wp","href":"https:\/\/api.w.org\/{rel}","templated":true}]}}