{"id":1995,"date":"2024-03-22T16:33:52","date_gmt":"2024-03-22T15:33:52","guid":{"rendered":"https:\/\/laizisabel.com\/?post_type=product&#038;p=1995"},"modified":"2025-09-12T18:20:49","modified_gmt":"2025-09-12T16:20:49","slug":"sac-banane-en-velours","status":"publish","type":"product","link":"https:\/\/laizisabel.com\/index.php\/produit\/sac-banane-en-velours\/","title":{"rendered":"Sac Banane en velours"},"content":{"rendered":"<p><strong>Ce Sac Banane en magnifique velours<\/strong> c\u00f4tel\u00e9 est l&rsquo;accessoire indispensable de la saison. Pour tous ceux qui veulent\u00a0 avoir du style sans faire de concession au c\u00f4t\u00e9 pratique des choses. Ce sac en velours est enti\u00e8rement fait mains, dans mon atelier \u00e0 Laizy (71) , en toute petite s\u00e9rie.<\/p>\n<p>Le sac banane en velours est de taille XL. Il est dot\u00e9 d&rsquo;une grande fermeture \u00e0 glissi\u00e8re avec double curseur, d&rsquo;une poche int\u00e9rieure zipp\u00e9e.<\/p>\n<p>Sa sangle est ajustable et d\u00e9tachable. Vous pouvez nettoyer le sac et la sangle s\u00e9par\u00e9ment. Et surtout vous pouvez mettre une sangle fantaisie si vous le d\u00e9sirez .<\/p>\n<p>Aucun d\u00e9tail n&rsquo;a \u00e9t\u00e9 oubli\u00e9 pour un confort maximum !<\/p>\n<p><strong>Style Cool :<\/strong> Design actuel et couleurs tendance, ce sac banane ajoute une touche de style d\u00e9contract\u00e9 \u00e0 n&rsquo;importe quelle tenue.<\/p>\n<p><strong>De la place pour l&rsquo;Essentiel :<\/strong> Assez grand pour contenir votre t\u00e9l\u00e9phone, vos cl\u00e9s, votre argent, carnet et quelques autres objets,\u00a0 sans \u00eatre encombrant.<\/p>\n<p><strong>Confortable \u00e0 Porter :<\/strong> Le tissu velours est une mati\u00e8re r\u00e9sistante, douce et moelleuse. La sangle r\u00e9glable s&rsquo;adapte \u00e0 votre taille. Elle vous permet de le porter de mani\u00e8re d\u00e9contract\u00e9e toute la journ\u00e9e. Le sac banane peut \u00eatre plac\u00e9 soit en bandouli\u00e8re sur la poitrine, soit dans le dos, soit \u00e0 l&rsquo;\u00e9paule comme un sac \u00e0 main ou sur les hanches. Vous choisissez en fonction de votre style, de vos envies ou de ce qui est le plus pratique pour vous.<\/p>\n<p><strong>Polyvalent :<\/strong> Parfait pour les escapades en ville, les festivals, les balades \u00e0 v\u00e9lo ou toute autre aventure o\u00f9 vous avez besoin de garder vos mains libres.<\/p>\n<p><strong>Mat\u00e9riaux Durables :<\/strong> Ce sac banane est confectionn\u00e9 avec des mat\u00e9riaux de grande qualit\u00e9. Il est cousu pour durer et r\u00e9sister \u00e0 toutes vos aventures.<\/p>\n<p>Dimensions :<br \/>\nsac : 23\u00a0 x\u00a0 46 cm<br \/>\nzip : 43 cm , dor\u00e9 ou argent\u00e9, suivant les mod\u00e8les<br \/>\nsangle : largeur 3 cm , longueur ajustable de\u00a0 55 cm \u00e0 110 cm<br \/>\npoche int\u00e9rieure : 22 cm d&rsquo;ouverture<\/p>\n<p>Composition :<br \/>\ntissu ext\u00e9rieur : Velours c\u00f4tel\u00e9<br \/>\nTissu int\u00e9rieur : coton. Label \u00e9cologique : Oeko tex -100<\/p>\n<p>Conseils d&rsquo;usage :<br \/>\nSi besoin, Lavage\u00a0 \u00e0 la main<\/p>\n<div class=\"flex flex-grow flex-col max-w-full\">\n<div class=\"min-h-[20px] text-message flex flex-col items-start gap-3 whitespace-pre-wrap break-words [.text-message+&amp;]:mt-5 overflow-x-auto\" data-message-author-role=\"assistant\" data-message-id=\"798d8eb1-eca4-42c6-a8c1-497857367798\">\n<div class=\"markdown prose w-full break-words dark:prose-invert light\">\n<p><em>Craquez pour le\u00a0 Sac Banane by Laizisabel, restez \u00e0 la mode tout en gardant vos essentiels \u00e0 port\u00e9e de main, o\u00f9 que vous alliez. C&rsquo;est le compagnon parfait pour une femme moderne et active.<\/em><\/p>\n<p>&nbsp;<\/p>\n<\/div>\n<\/div>\n<\/div>\n<div class=\"mt-1 flex justify-start gap-3 empty:hidden\">\n<div class=\"text-gray-400 flex self-end lg:self-center justify-center lg:justify-start mt-0 -ml-1 h-7 visible\"><\/div>\n<\/div>\n<div class=\"flex\"><\/div>\n","protected":false},"excerpt":{"rendered":"<p>Craquez pour le\u00a0 Sac Banane en velours By Laizisabel Cr\u00e9ations Couture, restez \u00e0 la mode tout en gardant vos essentiels \u00e0 port\u00e9e de main, o\u00f9 que vous alliez. Choisissez un sac 100% fait main, en petite s\u00e9rie en Bourgogne (Morvan).<br \/>\nMon sac banane en velours c\u00f4tel\u00e9 est de taille XL dot\u00e9 d&rsquo;une grande fermeture \u00e0 glissi\u00e8re avec double curseur, poche int\u00e9rieure zipp\u00e9e et sangle ajustable et d\u00e9tachable, aucun d\u00e9tail n&rsquo;a \u00e9t\u00e9 oubli\u00e9 pour un confort maximum.<\/p>\n","protected":false},"featured_media":2253,"comment_status":"closed","ping_status":"closed","template":"","meta":{"inline_featured_image":false,"ocean_post_layout":"","ocean_both_sidebars_style":"","ocean_both_sidebars_content_width":0,"ocean_both_sidebars_sidebars_width":0,"ocean_sidebar":"0","ocean_second_sidebar":"0","ocean_disable_margins":"enable","ocean_add_body_class":"","ocean_shortcode_before_top_bar":"","ocean_shortcode_after_top_bar":"","ocean_shortcode_before_header":"","ocean_shortcode_after_header":"","ocean_has_shortcode":"","ocean_shortcode_after_title":"","ocean_shortcode_before_footer_widgets":"","ocean_shortcode_after_footer_widgets":"","ocean_shortcode_before_footer_bottom":"","ocean_shortcode_after_footer_bottom":"","ocean_display_top_bar":"default","ocean_display_header":"default","ocean_header_style":"","ocean_center_header_left_menu":"0","ocean_custom_header_template":"0","ocean_custom_logo":0,"ocean_custom_retina_logo":0,"ocean_custom_logo_max_width":0,"ocean_custom_logo_tablet_max_width":0,"ocean_custom_logo_mobile_max_width":0,"ocean_custom_logo_max_height":0,"ocean_custom_logo_tablet_max_height":0,"ocean_custom_logo_mobile_max_height":0,"ocean_header_custom_menu":"0","ocean_menu_typo_font_family":"0","ocean_menu_typo_font_subset":"","ocean_menu_typo_font_size":0,"ocean_menu_typo_font_size_tablet":0,"ocean_menu_typo_font_size_mobile":0,"ocean_menu_typo_font_size_unit":"px","ocean_menu_typo_font_weight":"","ocean_menu_typo_font_weight_tablet":"","ocean_menu_typo_font_weight_mobile":"","ocean_menu_typo_transform":"","ocean_menu_typo_transform_tablet":"","ocean_menu_typo_transform_mobile":"","ocean_menu_typo_line_height":0,"ocean_menu_typo_line_height_tablet":0,"ocean_menu_typo_line_height_mobile":0,"ocean_menu_typo_line_height_unit":"","ocean_menu_typo_spacing":0,"ocean_menu_typo_spacing_tablet":0,"ocean_menu_typo_spacing_mobile":0,"ocean_menu_typo_spacing_unit":"","ocean_menu_link_color":"","ocean_menu_link_color_hover":"","ocean_menu_link_color_active":"","ocean_menu_link_background":"","ocean_menu_link_hover_background":"","ocean_menu_link_active_background":"","ocean_menu_social_links_bg":"","ocean_menu_social_hover_links_bg":"","ocean_menu_social_links_color":"","ocean_menu_social_hover_links_color":"","ocean_disable_title":"default","ocean_disable_heading":"default","ocean_post_title":"","ocean_post_subheading":"","ocean_post_title_style":"","ocean_post_title_background_color":"","ocean_post_title_background":0,"ocean_post_title_bg_image_position":"","ocean_post_title_bg_image_attachment":"","ocean_post_title_bg_image_repeat":"","ocean_post_title_bg_image_size":"","ocean_post_title_height":0,"ocean_post_title_bg_overlay":0.5,"ocean_post_title_bg_overlay_color":"","ocean_disable_breadcrumbs":"default","ocean_breadcrumbs_color":"","ocean_breadcrumbs_separator_color":"","ocean_breadcrumbs_links_color":"","ocean_breadcrumbs_links_hover_color":"","ocean_display_footer_widgets":"default","ocean_display_footer_bottom":"default","ocean_custom_footer_template":"0"},"product_brand":[],"product_cat":[27],"product_tag":[198,115,187,44,200,197,199,42],"class_list":{"0":"post-1995","1":"product","2":"type-product","3":"status-publish","4":"has-post-thumbnail","6":"product_cat-accessoires","7":"product_tag-banane","8":"product_tag-cadeau","9":"product_tag-fete-des-meres","10":"product_tag-maman","11":"product_tag-sac","12":"product_tag-sac-banane","13":"product_tag-velours","14":"product_tag-voyage","16":"entry","17":"has-media","19":"first","20":"instock","21":"featured","22":"shipping-taxable","23":"purchasable","24":"product-type-variable","25":"has-default-attributes","26":"has-product-nav","27":"col","28":"span_1_of_3","29":"owp-content-center","30":"owp-thumbs-layout-horizontal","31":"owp-btn-normal","32":"owp-tabs-layout-horizontal"},"yoast_head":"<!-- This site is optimized with the Yoast SEO plugin v27.0 - https:\/\/yoast.com\/product\/yoast-seo-wordpress\/ -->\n<title>Sac Banane en velours - LAIZISABEL<\/title>\n<meta name=\"description\" content=\"Sac banane en velours de taille XL, avec un zip double curseur, poche int\u00e9rieure zipp\u00e9e et sangle ajustable et d\u00e9tachable pour un confort maximum.\" \/>\n<meta name=\"robots\" content=\"index, follow, max-snippet:-1, max-image-preview:large, max-video-preview:-1\" \/>\n<link rel=\"canonical\" href=\"https:\/\/laizisabel.com\/index.php\/produit\/sac-banane-en-velours\/\" \/>\n<meta property=\"og:locale\" content=\"fr_FR\" \/>\n<meta property=\"og:type\" content=\"article\" \/>\n<meta property=\"og:title\" content=\"Sac Banane en velours - LAIZISABEL\" \/>\n<meta property=\"og:description\" content=\"Sac banane en velours de taille XL, avec un zip double curseur, poche int\u00e9rieure zipp\u00e9e et sangle ajustable et d\u00e9tachable pour un confort maximum.\" \/>\n<meta property=\"og:url\" content=\"https:\/\/laizisabel.com\/index.php\/produit\/sac-banane-en-velours\/\" \/>\n<meta property=\"og:site_name\" content=\"LAIZISABEL\" \/>\n<meta property=\"article:modified_time\" content=\"2025-09-12T16:20:49+00:00\" \/>\n<meta property=\"og:image\" content=\"https:\/\/laizisabel.com\/wp-content\/uploads\/2024\/03\/20250912_101250-scaled.jpg\" \/>\n\t<meta property=\"og:image:width\" content=\"2560\" \/>\n\t<meta property=\"og:image:height\" content=\"2560\" \/>\n\t<meta property=\"og:image:type\" content=\"image\/jpeg\" \/>\n<meta name=\"twitter:card\" content=\"summary_large_image\" \/>\n<meta name=\"twitter:label1\" content=\"Dur\u00e9e de lecture estim\u00e9e\" \/>\n\t<meta name=\"twitter:data1\" content=\"2 minutes\" \/>\n<script type=\"application\/ld+json\" class=\"yoast-schema-graph\">{\"@context\":\"https:\/\/schema.org\",\"@graph\":[{\"@type\":\"WebPage\",\"@id\":\"https:\/\/laizisabel.com\/index.php\/produit\/sac-banane-en-velours\/\",\"url\":\"https:\/\/laizisabel.com\/index.php\/produit\/sac-banane-en-velours\/\",\"name\":\"Sac Banane en velours - LAIZISABEL\",\"isPartOf\":{\"@id\":\"https:\/\/laizisabel.com\/#website\"},\"primaryImageOfPage\":{\"@id\":\"https:\/\/laizisabel.com\/index.php\/produit\/sac-banane-en-velours\/#primaryimage\"},\"image\":{\"@id\":\"https:\/\/laizisabel.com\/index.php\/produit\/sac-banane-en-velours\/#primaryimage\"},\"thumbnailUrl\":\"https:\/\/i0.wp.com\/laizisabel.com\/wp-content\/uploads\/2024\/03\/20250912_101250-scaled.jpg?fit=2560%2C2560&ssl=1\",\"datePublished\":\"2024-03-22T15:33:52+00:00\",\"dateModified\":\"2025-09-12T16:20:49+00:00\",\"description\":\"Sac banane en velours de taille XL, avec un zip double curseur, poche int\u00e9rieure zipp\u00e9e et sangle ajustable et d\u00e9tachable pour un confort maximum.\",\"breadcrumb\":{\"@id\":\"https:\/\/laizisabel.com\/index.php\/produit\/sac-banane-en-velours\/#breadcrumb\"},\"inLanguage\":\"fr-FR\",\"potentialAction\":[{\"@type\":\"ReadAction\",\"target\":[\"https:\/\/laizisabel.com\/index.php\/produit\/sac-banane-en-velours\/\"]}]},{\"@type\":\"ImageObject\",\"inLanguage\":\"fr-FR\",\"@id\":\"https:\/\/laizisabel.com\/index.php\/produit\/sac-banane-en-velours\/#primaryimage\",\"url\":\"https:\/\/i0.wp.com\/laizisabel.com\/wp-content\/uploads\/2024\/03\/20250912_101250-scaled.jpg?fit=2560%2C2560&ssl=1\",\"contentUrl\":\"https:\/\/i0.wp.com\/laizisabel.com\/wp-content\/uploads\/2024\/03\/20250912_101250-scaled.jpg?fit=2560%2C2560&ssl=1\",\"width\":2560,\"height\":2560,\"caption\":\"ensemble sacs banane\"},{\"@type\":\"BreadcrumbList\",\"@id\":\"https:\/\/laizisabel.com\/index.php\/produit\/sac-banane-en-velours\/#breadcrumb\",\"itemListElement\":[{\"@type\":\"ListItem\",\"position\":1,\"name\":\"Accueil\",\"item\":\"https:\/\/laizisabel.com\/\"},{\"@type\":\"ListItem\",\"position\":2,\"name\":\"Boutique\",\"item\":\"https:\/\/laizisabel.com\/index.php\/boutique\/\"},{\"@type\":\"ListItem\",\"position\":3,\"name\":\"Sac Banane en velours\"}]},{\"@type\":\"WebSite\",\"@id\":\"https:\/\/laizisabel.com\/#website\",\"url\":\"https:\/\/laizisabel.com\/\",\"name\":\"LAIZISABEL\",\"description\":\"Cr\u00e9ations Couture\",\"publisher\":{\"@id\":\"https:\/\/laizisabel.com\/#organization\"},\"potentialAction\":[{\"@type\":\"SearchAction\",\"target\":{\"@type\":\"EntryPoint\",\"urlTemplate\":\"https:\/\/laizisabel.com\/?s={search_term_string}\"},\"query-input\":{\"@type\":\"PropertyValueSpecification\",\"valueRequired\":true,\"valueName\":\"search_term_string\"}}],\"inLanguage\":\"fr-FR\"},{\"@type\":\"Organization\",\"@id\":\"https:\/\/laizisabel.com\/#organization\",\"name\":\"LAIZISABEL Cr\u00e9ations Couture\",\"url\":\"https:\/\/laizisabel.com\/\",\"logo\":{\"@type\":\"ImageObject\",\"inLanguage\":\"fr-FR\",\"@id\":\"https:\/\/laizisabel.com\/#\/schema\/logo\/image\/\",\"url\":\"https:\/\/i0.wp.com\/laizisabel.com\/wp-content\/uploads\/2021\/05\/logo-rond-texte-473.png?fit=473%2C473&ssl=1\",\"contentUrl\":\"https:\/\/i0.wp.com\/laizisabel.com\/wp-content\/uploads\/2021\/05\/logo-rond-texte-473.png?fit=473%2C473&ssl=1\",\"width\":473,\"height\":473,\"caption\":\"LAIZISABEL Cr\u00e9ations Couture\"},\"image\":{\"@id\":\"https:\/\/laizisabel.com\/#\/schema\/logo\/image\/\"}}]}<\/script>\n<!-- \/ Yoast SEO plugin. -->","yoast_head_json":{"title":"Sac Banane en velours - LAIZISABEL","description":"Sac banane en velours de taille XL, avec un zip double curseur, poche int\u00e9rieure zipp\u00e9e et sangle ajustable et d\u00e9tachable pour un confort maximum.","robots":{"index":"index","follow":"follow","max-snippet":"max-snippet:-1","max-image-preview":"max-image-preview:large","max-video-preview":"max-video-preview:-1"},"canonical":"https:\/\/laizisabel.com\/index.php\/produit\/sac-banane-en-velours\/","og_locale":"fr_FR","og_type":"article","og_title":"Sac Banane en velours - LAIZISABEL","og_description":"Sac banane en velours de taille XL, avec un zip double curseur, poche int\u00e9rieure zipp\u00e9e et sangle ajustable et d\u00e9tachable pour un confort maximum.","og_url":"https:\/\/laizisabel.com\/index.php\/produit\/sac-banane-en-velours\/","og_site_name":"LAIZISABEL","article_modified_time":"2025-09-12T16:20:49+00:00","og_image":[{"width":2560,"height":2560,"url":"https:\/\/laizisabel.com\/wp-content\/uploads\/2024\/03\/20250912_101250-scaled.jpg","type":"image\/jpeg"}],"twitter_card":"summary_large_image","twitter_misc":{"Dur\u00e9e de lecture estim\u00e9e":"2 minutes"},"schema":{"@context":"https:\/\/schema.org","@graph":[{"@type":"WebPage","@id":"https:\/\/laizisabel.com\/index.php\/produit\/sac-banane-en-velours\/","url":"https:\/\/laizisabel.com\/index.php\/produit\/sac-banane-en-velours\/","name":"Sac Banane en velours - LAIZISABEL","isPartOf":{"@id":"https:\/\/laizisabel.com\/#website"},"primaryImageOfPage":{"@id":"https:\/\/laizisabel.com\/index.php\/produit\/sac-banane-en-velours\/#primaryimage"},"image":{"@id":"https:\/\/laizisabel.com\/index.php\/produit\/sac-banane-en-velours\/#primaryimage"},"thumbnailUrl":"https:\/\/i0.wp.com\/laizisabel.com\/wp-content\/uploads\/2024\/03\/20250912_101250-scaled.jpg?fit=2560%2C2560&ssl=1","datePublished":"2024-03-22T15:33:52+00:00","dateModified":"2025-09-12T16:20:49+00:00","description":"Sac banane en velours de taille XL, avec un zip double curseur, poche int\u00e9rieure zipp\u00e9e et sangle ajustable et d\u00e9tachable pour un confort maximum.","breadcrumb":{"@id":"https:\/\/laizisabel.com\/index.php\/produit\/sac-banane-en-velours\/#breadcrumb"},"inLanguage":"fr-FR","potentialAction":[{"@type":"ReadAction","target":["https:\/\/laizisabel.com\/index.php\/produit\/sac-banane-en-velours\/"]}]},{"@type":"ImageObject","inLanguage":"fr-FR","@id":"https:\/\/laizisabel.com\/index.php\/produit\/sac-banane-en-velours\/#primaryimage","url":"https:\/\/i0.wp.com\/laizisabel.com\/wp-content\/uploads\/2024\/03\/20250912_101250-scaled.jpg?fit=2560%2C2560&ssl=1","contentUrl":"https:\/\/i0.wp.com\/laizisabel.com\/wp-content\/uploads\/2024\/03\/20250912_101250-scaled.jpg?fit=2560%2C2560&ssl=1","width":2560,"height":2560,"caption":"ensemble sacs banane"},{"@type":"BreadcrumbList","@id":"https:\/\/laizisabel.com\/index.php\/produit\/sac-banane-en-velours\/#breadcrumb","itemListElement":[{"@type":"ListItem","position":1,"name":"Accueil","item":"https:\/\/laizisabel.com\/"},{"@type":"ListItem","position":2,"name":"Boutique","item":"https:\/\/laizisabel.com\/index.php\/boutique\/"},{"@type":"ListItem","position":3,"name":"Sac Banane en velours"}]},{"@type":"WebSite","@id":"https:\/\/laizisabel.com\/#website","url":"https:\/\/laizisabel.com\/","name":"LAIZISABEL","description":"Cr\u00e9ations Couture","publisher":{"@id":"https:\/\/laizisabel.com\/#organization"},"potentialAction":[{"@type":"SearchAction","target":{"@type":"EntryPoint","urlTemplate":"https:\/\/laizisabel.com\/?s={search_term_string}"},"query-input":{"@type":"PropertyValueSpecification","valueRequired":true,"valueName":"search_term_string"}}],"inLanguage":"fr-FR"},{"@type":"Organization","@id":"https:\/\/laizisabel.com\/#organization","name":"LAIZISABEL Cr\u00e9ations Couture","url":"https:\/\/laizisabel.com\/","logo":{"@type":"ImageObject","inLanguage":"fr-FR","@id":"https:\/\/laizisabel.com\/#\/schema\/logo\/image\/","url":"https:\/\/i0.wp.com\/laizisabel.com\/wp-content\/uploads\/2021\/05\/logo-rond-texte-473.png?fit=473%2C473&ssl=1","contentUrl":"https:\/\/i0.wp.com\/laizisabel.com\/wp-content\/uploads\/2021\/05\/logo-rond-texte-473.png?fit=473%2C473&ssl=1","width":473,"height":473,"caption":"LAIZISABEL Cr\u00e9ations Couture"},"image":{"@id":"https:\/\/laizisabel.com\/#\/schema\/logo\/image\/"}}]}},"jetpack_sharing_enabled":true,"_links":{"self":[{"href":"https:\/\/laizisabel.com\/index.php\/wp-json\/wp\/v2\/product\/1995","targetHints":{"allow":["GET"]}}],"collection":[{"href":"https:\/\/laizisabel.com\/index.php\/wp-json\/wp\/v2\/product"}],"about":[{"href":"https:\/\/laizisabel.com\/index.php\/wp-json\/wp\/v2\/types\/product"}],"replies":[{"embeddable":true,"href":"https:\/\/laizisabel.com\/index.php\/wp-json\/wp\/v2\/comments?post=1995"}],"version-history":[{"count":3,"href":"https:\/\/laizisabel.com\/index.php\/wp-json\/wp\/v2\/product\/1995\/revisions"}],"predecessor-version":[{"id":2252,"href":"https:\/\/laizisabel.com\/index.php\/wp-json\/wp\/v2\/product\/1995\/revisions\/2252"}],"wp:featuredmedia":[{"embeddable":true,"href":"https:\/\/laizisabel.com\/index.php\/wp-json\/wp\/v2\/media\/2253"}],"wp:attachment":[{"href":"https:\/\/laizisabel.com\/index.php\/wp-json\/wp\/v2\/media?parent=1995"}],"wp:term":[{"taxonomy":"product_brand","embeddable":true,"href":"https:\/\/laizisabel.com\/index.php\/wp-json\/wp\/v2\/product_brand?post=1995"},{"taxonomy":"product_cat","embeddable":true,"href":"https:\/\/laizisabel.com\/index.php\/wp-json\/wp\/v2\/product_cat?post=1995"},{"taxonomy":"product_tag","embeddable":true,"href":"https:\/\/laizisabel.com\/index.php\/wp-json\/wp\/v2\/product_tag?post=1995"}],"curies":[{"name":"wp","href":"https:\/\/api.w.org\/{rel}","templated":true}]}}