{"id":1967,"date":"2023-09-06T15:55:51","date_gmt":"2023-09-06T13:55:51","guid":{"rendered":"https:\/\/laizisabel.com\/?post_type=product&#038;p=1967"},"modified":"2024-03-22T16:35:12","modified_gmt":"2024-03-22T15:35:12","slug":"compagnon-compact","status":"publish","type":"product","link":"https:\/\/laizisabel.com\/index.php\/produit\/compagnon-compact\/","title":{"rendered":"Compagnon Compact"},"content":{"rendered":"<p><span style=\"font-weight: 400;\"><strong>Le Compagnon compact<\/strong> est votre nouvel alli\u00e9 de tous les jours ! Petit mais costaud ! Ce Compagnon compact est l\u00e0 pour ranger vos essentiels tout en ayant une forme svelte et raffin\u00e9e.<\/span><\/p>\n<p>Enti\u00e8rement cousu main dans mon atelier, l&rsquo;ext\u00e9rieur est en su\u00e9dine, simili cuir ou coton enduit premium selon les mod\u00e8les. L&rsquo;int\u00e9rieur est en coton. Ces mat\u00e9riaux sont r\u00e9sistants pour une utilisation \u00e0 long terme. De plus ils lui conf\u00e8rent une grande l\u00e9g\u00e8ret\u00e9 et un faible encombrement.<\/p>\n<p><strong>Compartiments<\/strong> :<\/p>\n<p>1 poche zipp\u00e9e pour pi\u00e8ces et petits objets<\/p>\n<p>3 emplacements pour cartes (cr\u00e9dit, visite).<\/p>\n<p>1 compartiments pour billets , documents (CI&#8230;), et peut contenir un ch\u00e9quier portefeuille<\/p>\n<p><strong>Fermeture<\/strong> : Le Compagnon compact ferme par 2 boutons pressions<\/p>\n<p><strong>Ultra L\u00e9ger<\/strong> : Id\u00e9al pour ceux qui veulent voyager l\u00e9ger.<\/p>\n<p>Ce compagnon compact est l&rsquo;accessoire parfait pour vous accompagner au quotidien, alliant style, praticit\u00e9 et fonctionnalit\u00e9. Il est con\u00e7u pour vous simplifier la vie en organisant vos essentiels de mani\u00e8re \u00e9l\u00e9gante. Il est parfait pour offrir \u00e0 un proche ou \u00e0 soi-m\u00eame.<\/p>\n<p><span style=\"font-weight: 400;\">Fait main en Bourgogne dans mon atelier \u00e0 Laizy (71) , en toute petite s\u00e9rie.<br \/>\nExp\u00e9dition sous 2 \u00e0 5 jours.<br \/>\n<\/span><\/p>\n<p><span style=\"text-decoration: underline;\"><span style=\"font-weight: 400;\">Dimensions<\/span><\/span><span style=\"font-weight: 400;\"> :<br \/>\n18.5\u00a0 x\u00a0 11 cm<\/span><\/p>\n<p><span style=\"text-decoration: underline;\"><span style=\"font-weight: 400;\">Composition<\/span><\/span><span style=\"font-weight: 400;\"> :<br \/>\n<\/span><span style=\"font-weight: 400;\">tissu ext\u00e9rieur : 100% simili cuir ou su\u00e9dine ou coton enduit<br \/>\n<\/span><span style=\"font-weight: 400;\">Tissu int\u00e9rieur : 100% coton. <\/span><span style=\"font-weight: 400;\">Label \u00e9cologique : Oeko tex -100<br \/>\nTous les tissus sont sans substance nocive pour la sant\u00e9, la peau et l&rsquo;environnement.<\/span><\/p>\n<p><span style=\"text-decoration: underline;\"><span style=\"font-weight: 400;\">Conseils d&rsquo;usage<\/span><span style=\"font-weight: 400;\"> :<br \/>\n<\/span><\/span><span style=\"font-weight: 400;\">Si besoin, Lavage\u00a0 30\u00b0 cycle d\u00e9licat .<br \/>\n<\/span><\/p>\n","protected":false},"excerpt":{"rendered":"<p>Ce compagnon compact est l&rsquo;accessoire parfait pour vous accompagner au quotidien, alliant style, praticit\u00e9 et fonctionnalit\u00e9. Il est con\u00e7u pour vous simplifier la vie en organisant vos essentiels de mani\u00e8re \u00e9l\u00e9gante.<\/p>\n<ul>\n<li>1 poche zipp\u00e9e pour pi\u00e8ces et petits objets<\/li>\n<li>3 emplacements pour cartes (cr\u00e9dit, visite).<\/li>\n<li>1 compartiments pour billets , documents (CI&#8230;), et peut contenir un ch\u00e9quier portefeuille<\/li>\n<\/ul>\n<p>Dimensions :<br \/>\n18.5\u00a0 x\u00a0 11 cm<br \/>\nComposition :<br \/>\ntissu ext\u00e9rieur : 100% simili cuir ou su\u00e9dine ou coton enduit<br \/>\nTissu int\u00e9rieur : 100% coton. Label \u00e9cologique : Oeko tex -100<\/p>\n","protected":false},"featured_media":1975,"comment_status":"closed","ping_status":"closed","template":"","meta":{"inline_featured_image":false,"ocean_post_layout":"","ocean_both_sidebars_style":"","ocean_both_sidebars_content_width":0,"ocean_both_sidebars_sidebars_width":0,"ocean_sidebar":"0","ocean_second_sidebar":"0","ocean_disable_margins":"enable","ocean_add_body_class":"","ocean_shortcode_before_top_bar":"","ocean_shortcode_after_top_bar":"","ocean_shortcode_before_header":"","ocean_shortcode_after_header":"","ocean_has_shortcode":"","ocean_shortcode_after_title":"","ocean_shortcode_before_footer_widgets":"","ocean_shortcode_after_footer_widgets":"","ocean_shortcode_before_footer_bottom":"","ocean_shortcode_after_footer_bottom":"","ocean_display_top_bar":"default","ocean_display_header":"default","ocean_header_style":"","ocean_center_header_left_menu":"0","ocean_custom_header_template":"0","ocean_custom_logo":0,"ocean_custom_retina_logo":0,"ocean_custom_logo_max_width":0,"ocean_custom_logo_tablet_max_width":0,"ocean_custom_logo_mobile_max_width":0,"ocean_custom_logo_max_height":0,"ocean_custom_logo_tablet_max_height":0,"ocean_custom_logo_mobile_max_height":0,"ocean_header_custom_menu":"0","ocean_menu_typo_font_family":"0","ocean_menu_typo_font_subset":"","ocean_menu_typo_font_size":0,"ocean_menu_typo_font_size_tablet":0,"ocean_menu_typo_font_size_mobile":0,"ocean_menu_typo_font_size_unit":"px","ocean_menu_typo_font_weight":"","ocean_menu_typo_font_weight_tablet":"","ocean_menu_typo_font_weight_mobile":"","ocean_menu_typo_transform":"","ocean_menu_typo_transform_tablet":"","ocean_menu_typo_transform_mobile":"","ocean_menu_typo_line_height":0,"ocean_menu_typo_line_height_tablet":0,"ocean_menu_typo_line_height_mobile":0,"ocean_menu_typo_line_height_unit":"","ocean_menu_typo_spacing":0,"ocean_menu_typo_spacing_tablet":0,"ocean_menu_typo_spacing_mobile":0,"ocean_menu_typo_spacing_unit":"","ocean_menu_link_color":"","ocean_menu_link_color_hover":"","ocean_menu_link_color_active":"","ocean_menu_link_background":"","ocean_menu_link_hover_background":"","ocean_menu_link_active_background":"","ocean_menu_social_links_bg":"","ocean_menu_social_hover_links_bg":"","ocean_menu_social_links_color":"","ocean_menu_social_hover_links_color":"","ocean_disable_title":"default","ocean_disable_heading":"default","ocean_post_title":"","ocean_post_subheading":"","ocean_post_title_style":"","ocean_post_title_background_color":"","ocean_post_title_background":0,"ocean_post_title_bg_image_position":"","ocean_post_title_bg_image_attachment":"","ocean_post_title_bg_image_repeat":"","ocean_post_title_bg_image_size":"","ocean_post_title_height":0,"ocean_post_title_bg_overlay":0.5,"ocean_post_title_bg_overlay_color":"","ocean_disable_breadcrumbs":"default","ocean_breadcrumbs_color":"","ocean_breadcrumbs_separator_color":"","ocean_breadcrumbs_links_color":"","ocean_breadcrumbs_links_hover_color":"","ocean_display_footer_widgets":"default","ocean_display_footer_bottom":"default","ocean_custom_footer_template":"0"},"product_brand":[],"product_cat":[27],"product_tag":[115,194,38,40,159,195,196,42],"class_list":{"0":"post-1967","1":"product","2":"type-product","3":"status-publish","4":"has-post-thumbnail","6":"product_cat-accessoires","7":"product_tag-cadeau","8":"product_tag-compagnon","9":"product_tag-coton-enduit","10":"product_tag-durable","11":"product_tag-pochette","12":"product_tag-portefeuille","13":"product_tag-suedinesuedinesimilicuir","14":"product_tag-voyage","16":"entry","17":"has-media","19":"first","20":"instock","21":"shipping-taxable","22":"purchasable","23":"product-type-variable","24":"has-default-attributes","25":"has-product-nav","26":"col","27":"span_1_of_3","28":"owp-content-center","29":"owp-thumbs-layout-horizontal","30":"owp-btn-normal","31":"owp-tabs-layout-horizontal"},"yoast_head":"<!-- This site is optimized with the Yoast SEO plugin v27.0 - https:\/\/yoast.com\/product\/yoast-seo-wordpress\/ -->\n<title>Compagnon Compact - LAIZISABEL<\/title>\n<meta name=\"description\" content=\"Compagnon compact est pour ranger vos essentiels tout en ayant une forme svelte et raffin\u00e9e. 3 compartiments carte, 1 poche zipp\u00e9e, 1 poche pour documents.\" \/>\n<meta name=\"robots\" content=\"index, follow, max-snippet:-1, max-image-preview:large, max-video-preview:-1\" \/>\n<link rel=\"canonical\" href=\"https:\/\/laizisabel.com\/index.php\/produit\/compagnon-compact\/\" \/>\n<meta property=\"og:locale\" content=\"fr_FR\" \/>\n<meta property=\"og:type\" content=\"article\" \/>\n<meta property=\"og:title\" content=\"Compagnon Compact - LAIZISABEL\" \/>\n<meta property=\"og:description\" content=\"Compagnon compact est pour ranger vos essentiels tout en ayant une forme svelte et raffin\u00e9e. 3 compartiments carte, 1 poche zipp\u00e9e, 1 poche pour documents.\" \/>\n<meta property=\"og:url\" content=\"https:\/\/laizisabel.com\/index.php\/produit\/compagnon-compact\/\" \/>\n<meta property=\"og:site_name\" content=\"LAIZISABEL\" \/>\n<meta property=\"article:modified_time\" content=\"2024-03-22T15:35:12+00:00\" \/>\n<meta property=\"og:image\" content=\"https:\/\/laizisabel.com\/wp-content\/uploads\/2023\/09\/20230906_120015.jpg\" \/>\n\t<meta property=\"og:image:width\" content=\"2230\" \/>\n\t<meta property=\"og:image:height\" content=\"2230\" \/>\n\t<meta property=\"og:image:type\" content=\"image\/jpeg\" \/>\n<meta name=\"twitter:card\" content=\"summary_large_image\" \/>\n<meta name=\"twitter:label1\" content=\"Dur\u00e9e de lecture estim\u00e9e\" \/>\n\t<meta name=\"twitter:data1\" content=\"1 minute\" \/>\n<script type=\"application\/ld+json\" class=\"yoast-schema-graph\">{\"@context\":\"https:\/\/schema.org\",\"@graph\":[{\"@type\":\"WebPage\",\"@id\":\"https:\/\/laizisabel.com\/index.php\/produit\/compagnon-compact\/\",\"url\":\"https:\/\/laizisabel.com\/index.php\/produit\/compagnon-compact\/\",\"name\":\"Compagnon Compact - LAIZISABEL\",\"isPartOf\":{\"@id\":\"https:\/\/laizisabel.com\/#website\"},\"primaryImageOfPage\":{\"@id\":\"https:\/\/laizisabel.com\/index.php\/produit\/compagnon-compact\/#primaryimage\"},\"image\":{\"@id\":\"https:\/\/laizisabel.com\/index.php\/produit\/compagnon-compact\/#primaryimage\"},\"thumbnailUrl\":\"https:\/\/i0.wp.com\/laizisabel.com\/wp-content\/uploads\/2023\/09\/20230906_120015.jpg?fit=2230%2C2230&ssl=1\",\"datePublished\":\"2023-09-06T13:55:51+00:00\",\"dateModified\":\"2024-03-22T15:35:12+00:00\",\"description\":\"Compagnon compact est pour ranger vos essentiels tout en ayant une forme svelte et raffin\u00e9e. 3 compartiments carte, 1 poche zipp\u00e9e, 1 poche pour documents.\",\"breadcrumb\":{\"@id\":\"https:\/\/laizisabel.com\/index.php\/produit\/compagnon-compact\/#breadcrumb\"},\"inLanguage\":\"fr-FR\",\"potentialAction\":[{\"@type\":\"ReadAction\",\"target\":[\"https:\/\/laizisabel.com\/index.php\/produit\/compagnon-compact\/\"]}]},{\"@type\":\"ImageObject\",\"inLanguage\":\"fr-FR\",\"@id\":\"https:\/\/laizisabel.com\/index.php\/produit\/compagnon-compact\/#primaryimage\",\"url\":\"https:\/\/i0.wp.com\/laizisabel.com\/wp-content\/uploads\/2023\/09\/20230906_120015.jpg?fit=2230%2C2230&ssl=1\",\"contentUrl\":\"https:\/\/i0.wp.com\/laizisabel.com\/wp-content\/uploads\/2023\/09\/20230906_120015.jpg?fit=2230%2C2230&ssl=1\",\"width\":2230,\"height\":2230,\"caption\":\"compagnon compact\"},{\"@type\":\"BreadcrumbList\",\"@id\":\"https:\/\/laizisabel.com\/index.php\/produit\/compagnon-compact\/#breadcrumb\",\"itemListElement\":[{\"@type\":\"ListItem\",\"position\":1,\"name\":\"Accueil\",\"item\":\"https:\/\/laizisabel.com\/\"},{\"@type\":\"ListItem\",\"position\":2,\"name\":\"Boutique\",\"item\":\"https:\/\/laizisabel.com\/index.php\/boutique\/\"},{\"@type\":\"ListItem\",\"position\":3,\"name\":\"Compagnon Compact\"}]},{\"@type\":\"WebSite\",\"@id\":\"https:\/\/laizisabel.com\/#website\",\"url\":\"https:\/\/laizisabel.com\/\",\"name\":\"LAIZISABEL\",\"description\":\"Cr\u00e9ations Couture\",\"publisher\":{\"@id\":\"https:\/\/laizisabel.com\/#organization\"},\"potentialAction\":[{\"@type\":\"SearchAction\",\"target\":{\"@type\":\"EntryPoint\",\"urlTemplate\":\"https:\/\/laizisabel.com\/?s={search_term_string}\"},\"query-input\":{\"@type\":\"PropertyValueSpecification\",\"valueRequired\":true,\"valueName\":\"search_term_string\"}}],\"inLanguage\":\"fr-FR\"},{\"@type\":\"Organization\",\"@id\":\"https:\/\/laizisabel.com\/#organization\",\"name\":\"LAIZISABEL Cr\u00e9ations Couture\",\"url\":\"https:\/\/laizisabel.com\/\",\"logo\":{\"@type\":\"ImageObject\",\"inLanguage\":\"fr-FR\",\"@id\":\"https:\/\/laizisabel.com\/#\/schema\/logo\/image\/\",\"url\":\"https:\/\/i0.wp.com\/laizisabel.com\/wp-content\/uploads\/2021\/05\/logo-rond-texte-473.png?fit=473%2C473&ssl=1\",\"contentUrl\":\"https:\/\/i0.wp.com\/laizisabel.com\/wp-content\/uploads\/2021\/05\/logo-rond-texte-473.png?fit=473%2C473&ssl=1\",\"width\":473,\"height\":473,\"caption\":\"LAIZISABEL Cr\u00e9ations Couture\"},\"image\":{\"@id\":\"https:\/\/laizisabel.com\/#\/schema\/logo\/image\/\"}}]}<\/script>\n<!-- \/ Yoast SEO plugin. -->","yoast_head_json":{"title":"Compagnon Compact - LAIZISABEL","description":"Compagnon compact est pour ranger vos essentiels tout en ayant une forme svelte et raffin\u00e9e. 3 compartiments carte, 1 poche zipp\u00e9e, 1 poche pour documents.","robots":{"index":"index","follow":"follow","max-snippet":"max-snippet:-1","max-image-preview":"max-image-preview:large","max-video-preview":"max-video-preview:-1"},"canonical":"https:\/\/laizisabel.com\/index.php\/produit\/compagnon-compact\/","og_locale":"fr_FR","og_type":"article","og_title":"Compagnon Compact - LAIZISABEL","og_description":"Compagnon compact est pour ranger vos essentiels tout en ayant une forme svelte et raffin\u00e9e. 3 compartiments carte, 1 poche zipp\u00e9e, 1 poche pour documents.","og_url":"https:\/\/laizisabel.com\/index.php\/produit\/compagnon-compact\/","og_site_name":"LAIZISABEL","article_modified_time":"2024-03-22T15:35:12+00:00","og_image":[{"width":2230,"height":2230,"url":"https:\/\/laizisabel.com\/wp-content\/uploads\/2023\/09\/20230906_120015.jpg","type":"image\/jpeg"}],"twitter_card":"summary_large_image","twitter_misc":{"Dur\u00e9e de lecture estim\u00e9e":"1 minute"},"schema":{"@context":"https:\/\/schema.org","@graph":[{"@type":"WebPage","@id":"https:\/\/laizisabel.com\/index.php\/produit\/compagnon-compact\/","url":"https:\/\/laizisabel.com\/index.php\/produit\/compagnon-compact\/","name":"Compagnon Compact - LAIZISABEL","isPartOf":{"@id":"https:\/\/laizisabel.com\/#website"},"primaryImageOfPage":{"@id":"https:\/\/laizisabel.com\/index.php\/produit\/compagnon-compact\/#primaryimage"},"image":{"@id":"https:\/\/laizisabel.com\/index.php\/produit\/compagnon-compact\/#primaryimage"},"thumbnailUrl":"https:\/\/i0.wp.com\/laizisabel.com\/wp-content\/uploads\/2023\/09\/20230906_120015.jpg?fit=2230%2C2230&ssl=1","datePublished":"2023-09-06T13:55:51+00:00","dateModified":"2024-03-22T15:35:12+00:00","description":"Compagnon compact est pour ranger vos essentiels tout en ayant une forme svelte et raffin\u00e9e. 3 compartiments carte, 1 poche zipp\u00e9e, 1 poche pour documents.","breadcrumb":{"@id":"https:\/\/laizisabel.com\/index.php\/produit\/compagnon-compact\/#breadcrumb"},"inLanguage":"fr-FR","potentialAction":[{"@type":"ReadAction","target":["https:\/\/laizisabel.com\/index.php\/produit\/compagnon-compact\/"]}]},{"@type":"ImageObject","inLanguage":"fr-FR","@id":"https:\/\/laizisabel.com\/index.php\/produit\/compagnon-compact\/#primaryimage","url":"https:\/\/i0.wp.com\/laizisabel.com\/wp-content\/uploads\/2023\/09\/20230906_120015.jpg?fit=2230%2C2230&ssl=1","contentUrl":"https:\/\/i0.wp.com\/laizisabel.com\/wp-content\/uploads\/2023\/09\/20230906_120015.jpg?fit=2230%2C2230&ssl=1","width":2230,"height":2230,"caption":"compagnon compact"},{"@type":"BreadcrumbList","@id":"https:\/\/laizisabel.com\/index.php\/produit\/compagnon-compact\/#breadcrumb","itemListElement":[{"@type":"ListItem","position":1,"name":"Accueil","item":"https:\/\/laizisabel.com\/"},{"@type":"ListItem","position":2,"name":"Boutique","item":"https:\/\/laizisabel.com\/index.php\/boutique\/"},{"@type":"ListItem","position":3,"name":"Compagnon Compact"}]},{"@type":"WebSite","@id":"https:\/\/laizisabel.com\/#website","url":"https:\/\/laizisabel.com\/","name":"LAIZISABEL","description":"Cr\u00e9ations Couture","publisher":{"@id":"https:\/\/laizisabel.com\/#organization"},"potentialAction":[{"@type":"SearchAction","target":{"@type":"EntryPoint","urlTemplate":"https:\/\/laizisabel.com\/?s={search_term_string}"},"query-input":{"@type":"PropertyValueSpecification","valueRequired":true,"valueName":"search_term_string"}}],"inLanguage":"fr-FR"},{"@type":"Organization","@id":"https:\/\/laizisabel.com\/#organization","name":"LAIZISABEL Cr\u00e9ations Couture","url":"https:\/\/laizisabel.com\/","logo":{"@type":"ImageObject","inLanguage":"fr-FR","@id":"https:\/\/laizisabel.com\/#\/schema\/logo\/image\/","url":"https:\/\/i0.wp.com\/laizisabel.com\/wp-content\/uploads\/2021\/05\/logo-rond-texte-473.png?fit=473%2C473&ssl=1","contentUrl":"https:\/\/i0.wp.com\/laizisabel.com\/wp-content\/uploads\/2021\/05\/logo-rond-texte-473.png?fit=473%2C473&ssl=1","width":473,"height":473,"caption":"LAIZISABEL Cr\u00e9ations Couture"},"image":{"@id":"https:\/\/laizisabel.com\/#\/schema\/logo\/image\/"}}]}},"jetpack_sharing_enabled":true,"_links":{"self":[{"href":"https:\/\/laizisabel.com\/index.php\/wp-json\/wp\/v2\/product\/1967","targetHints":{"allow":["GET"]}}],"collection":[{"href":"https:\/\/laizisabel.com\/index.php\/wp-json\/wp\/v2\/product"}],"about":[{"href":"https:\/\/laizisabel.com\/index.php\/wp-json\/wp\/v2\/types\/product"}],"replies":[{"embeddable":true,"href":"https:\/\/laizisabel.com\/index.php\/wp-json\/wp\/v2\/comments?post=1967"}],"version-history":[{"count":0,"href":"https:\/\/laizisabel.com\/index.php\/wp-json\/wp\/v2\/product\/1967\/revisions"}],"wp:featuredmedia":[{"embeddable":true,"href":"https:\/\/laizisabel.com\/index.php\/wp-json\/wp\/v2\/media\/1975"}],"wp:attachment":[{"href":"https:\/\/laizisabel.com\/index.php\/wp-json\/wp\/v2\/media?parent=1967"}],"wp:term":[{"taxonomy":"product_brand","embeddable":true,"href":"https:\/\/laizisabel.com\/index.php\/wp-json\/wp\/v2\/product_brand?post=1967"},{"taxonomy":"product_cat","embeddable":true,"href":"https:\/\/laizisabel.com\/index.php\/wp-json\/wp\/v2\/product_cat?post=1967"},{"taxonomy":"product_tag","embeddable":true,"href":"https:\/\/laizisabel.com\/index.php\/wp-json\/wp\/v2\/product_tag?post=1967"}],"curies":[{"name":"wp","href":"https:\/\/api.w.org\/{rel}","templated":true}]}}