{"id":1110,"date":"2021-06-20T23:28:53","date_gmt":"2021-06-20T21:28:53","guid":{"rendered":"https:\/\/laizisabel.com\/?post_type=product&#038;p=1110"},"modified":"2024-03-03T16:06:00","modified_gmt":"2024-03-03T15:06:00","slug":"bandeau-soin-du-visage","status":"publish","type":"product","link":"https:\/\/laizisabel.com\/index.php\/produit\/bandeau-soin-du-visage\/","title":{"rendered":"Bandeau soin du visage"},"content":{"rendered":"<p>Ce bandeau soin du visage est l&rsquo;accessoire qu&rsquo;il vous faut.<br \/>\nJe l&rsquo;ai cousu dans une belle \u00e9ponge coton et bambou tr\u00e8s douce, et sur l&rsquo;autre face dans un joli coton, les deux bord\u00e9es par un passepoil.<br \/>\nEnvie de vous faire un masque de beaut\u00e9, ou tout simplement vous d\u00e9maquiller tout en prot\u00e9geant vos cheveux ?&#8230;<\/p>\n<p>Beau, Utile, Durable&#8230;<br \/>\nTous mes tissus sont sans substance nocive pour la sant\u00e9, la peau et l&rsquo;environnement. Le bandeau s&rsquo;ajustera \u00e0 votre t\u00eate par un velcro de 6 cm, de quoi le r\u00e9gler parfaitement.<\/p>\n<p>Vous pouvez le compl\u00e9ter par une pani\u00e8re \u00ab\u00a0vide poche\u00a0\u00bb ou\u00a0 \u00ab\u00a0salle de bain\u00a0\u00bb et un semainier de lingettes, pour vous faire un ensemble soin du visage.<\/p>\n<p>Dimensions :<br \/>\nL 68 x 9 cm<\/p>\n<p>Composition :<br \/>\n\u00c9ponge : 40% bambou, 40% coton, 20% polyester, blanche ou grise.<br \/>\nTissu imprim\u00e9 : 100% coton<br \/>\nLabel \u00e9cologique : Oeko tex-100<\/p>\n<p>Conseils d&rsquo;usage :<br \/>\nLavage 40\u00b0 max\u00a0 &#8211; S\u00e8che linge d\u00e9conseill\u00e9 pour garder la douceur du bambou &#8211; Repassage doux face coton<\/p>\n","protected":false},"excerpt":{"rendered":"<p>Bandeau soin du visage, cousu dans une belle \u00e9ponge coton et bambou tr\u00e8s douce, et sur l&rsquo;autre face dans un joli coton. Tous mes tissus sont sans substance nocive pour la sant\u00e9, la peau et l&rsquo;environnement. Le bandeau s&rsquo;ajustera \u00e0 votre t\u00eate par un velcro de 6 cm, de quoi le r\u00e9gler parfaitement.<\/p>\n","protected":false},"featured_media":1651,"comment_status":"closed","ping_status":"closed","template":"","meta":{"inline_featured_image":false,"ocean_post_layout":"","ocean_both_sidebars_style":"","ocean_both_sidebars_content_width":0,"ocean_both_sidebars_sidebars_width":0,"ocean_sidebar":"0","ocean_second_sidebar":"0","ocean_disable_margins":"enable","ocean_add_body_class":"","ocean_shortcode_before_top_bar":"","ocean_shortcode_after_top_bar":"","ocean_shortcode_before_header":"","ocean_shortcode_after_header":"","ocean_has_shortcode":"","ocean_shortcode_after_title":"","ocean_shortcode_before_footer_widgets":"","ocean_shortcode_after_footer_widgets":"","ocean_shortcode_before_footer_bottom":"","ocean_shortcode_after_footer_bottom":"","ocean_display_top_bar":"default","ocean_display_header":"default","ocean_header_style":"","ocean_center_header_left_menu":"0","ocean_custom_header_template":"0","ocean_custom_logo":0,"ocean_custom_retina_logo":0,"ocean_custom_logo_max_width":0,"ocean_custom_logo_tablet_max_width":0,"ocean_custom_logo_mobile_max_width":0,"ocean_custom_logo_max_height":0,"ocean_custom_logo_tablet_max_height":0,"ocean_custom_logo_mobile_max_height":0,"ocean_header_custom_menu":"0","ocean_menu_typo_font_family":"0","ocean_menu_typo_font_subset":"","ocean_menu_typo_font_size":0,"ocean_menu_typo_font_size_tablet":0,"ocean_menu_typo_font_size_mobile":0,"ocean_menu_typo_font_size_unit":"px","ocean_menu_typo_font_weight":"","ocean_menu_typo_font_weight_tablet":"","ocean_menu_typo_font_weight_mobile":"","ocean_menu_typo_transform":"","ocean_menu_typo_transform_tablet":"","ocean_menu_typo_transform_mobile":"","ocean_menu_typo_line_height":0,"ocean_menu_typo_line_height_tablet":0,"ocean_menu_typo_line_height_mobile":0,"ocean_menu_typo_line_height_unit":"","ocean_menu_typo_spacing":0,"ocean_menu_typo_spacing_tablet":0,"ocean_menu_typo_spacing_mobile":0,"ocean_menu_typo_spacing_unit":"","ocean_menu_link_color":"","ocean_menu_link_color_hover":"","ocean_menu_link_color_active":"","ocean_menu_link_background":"","ocean_menu_link_hover_background":"","ocean_menu_link_active_background":"","ocean_menu_social_links_bg":"","ocean_menu_social_hover_links_bg":"","ocean_menu_social_links_color":"","ocean_menu_social_hover_links_color":"","ocean_disable_title":"default","ocean_disable_heading":"default","ocean_post_title":"","ocean_post_subheading":"","ocean_post_title_style":"","ocean_post_title_background_color":"","ocean_post_title_background":0,"ocean_post_title_bg_image_position":"","ocean_post_title_bg_image_attachment":"","ocean_post_title_bg_image_repeat":"","ocean_post_title_bg_image_size":"","ocean_post_title_height":0,"ocean_post_title_bg_overlay":0.5,"ocean_post_title_bg_overlay_color":"","ocean_disable_breadcrumbs":"default","ocean_breadcrumbs_color":"","ocean_breadcrumbs_separator_color":"","ocean_breadcrumbs_links_color":"","ocean_breadcrumbs_links_hover_color":"","ocean_display_footer_widgets":"default","ocean_display_footer_bottom":"default","ocean_custom_footer_template":"0"},"product_brand":[],"product_cat":[27],"product_tag":[25,106,45,40,26,43,44,55,41],"class_list":{"0":"post-1110","1":"product","2":"type-product","3":"status-publish","4":"has-post-thumbnail","6":"product_cat-accessoires","7":"product_tag-bain","8":"product_tag-bandeau","9":"product_tag-cheveux","10":"product_tag-durable","11":"product_tag-eponge","12":"product_tag-fille","13":"product_tag-maman","14":"product_tag-salle-de-bain","15":"product_tag-zero-dechet","17":"entry","18":"has-media","20":"first","21":"instock","22":"shipping-taxable","23":"purchasable","24":"product-type-variable","25":"has-default-attributes","26":"has-product-nav","27":"col","28":"span_1_of_3","29":"owp-content-center","30":"owp-thumbs-layout-horizontal","31":"owp-btn-normal","32":"owp-tabs-layout-horizontal"},"yoast_head":"<!-- This site is optimized with the Yoast SEO plugin v27.0 - https:\/\/yoast.com\/product\/yoast-seo-wordpress\/ -->\n<title>Bandeau soin du visage - LAIZISABEL<\/title>\n<meta name=\"description\" content=\"Bandeau soin du visage cousu dans une \u00e9ponge coton et bambou tr\u00e8s douce et dans un joli coton. Pour vous faire un masque de beaut\u00e9 ou vous d\u00e9maquiller tout en prot\u00e9geant vos cheveux ?\" \/>\n<meta name=\"robots\" content=\"index, follow, max-snippet:-1, max-image-preview:large, max-video-preview:-1\" \/>\n<link rel=\"canonical\" href=\"https:\/\/laizisabel.com\/index.php\/produit\/bandeau-soin-du-visage\/\" \/>\n<meta property=\"og:locale\" content=\"fr_FR\" \/>\n<meta property=\"og:type\" content=\"article\" \/>\n<meta property=\"og:title\" content=\"Bandeau soin du visage - LAIZISABEL\" \/>\n<meta property=\"og:description\" content=\"Bandeau soin du visage cousu dans une \u00e9ponge coton et bambou tr\u00e8s douce et dans un joli coton. Pour vous faire un masque de beaut\u00e9 ou vous d\u00e9maquiller tout en prot\u00e9geant vos cheveux ?\" \/>\n<meta property=\"og:url\" content=\"https:\/\/laizisabel.com\/index.php\/produit\/bandeau-soin-du-visage\/\" \/>\n<meta property=\"og:site_name\" content=\"LAIZISABEL\" \/>\n<meta property=\"article:modified_time\" content=\"2024-03-03T15:06:00+00:00\" \/>\n<meta property=\"og:image\" content=\"https:\/\/laizisabel.com\/wp-content\/uploads\/2022\/02\/DSC02741-1.jpg\" \/>\n\t<meta property=\"og:image:width\" content=\"1712\" \/>\n\t<meta property=\"og:image:height\" content=\"1694\" \/>\n\t<meta property=\"og:image:type\" content=\"image\/jpeg\" \/>\n<meta name=\"twitter:card\" content=\"summary_large_image\" \/>\n<meta name=\"twitter:label1\" content=\"Dur\u00e9e de lecture estim\u00e9e\" \/>\n\t<meta name=\"twitter:data1\" content=\"1 minute\" \/>\n<script type=\"application\/ld+json\" class=\"yoast-schema-graph\">{\"@context\":\"https:\/\/schema.org\",\"@graph\":[{\"@type\":\"WebPage\",\"@id\":\"https:\/\/laizisabel.com\/index.php\/produit\/bandeau-soin-du-visage\/\",\"url\":\"https:\/\/laizisabel.com\/index.php\/produit\/bandeau-soin-du-visage\/\",\"name\":\"Bandeau soin du visage - LAIZISABEL\",\"isPartOf\":{\"@id\":\"https:\/\/laizisabel.com\/#website\"},\"primaryImageOfPage\":{\"@id\":\"https:\/\/laizisabel.com\/index.php\/produit\/bandeau-soin-du-visage\/#primaryimage\"},\"image\":{\"@id\":\"https:\/\/laizisabel.com\/index.php\/produit\/bandeau-soin-du-visage\/#primaryimage\"},\"thumbnailUrl\":\"https:\/\/i0.wp.com\/laizisabel.com\/wp-content\/uploads\/2022\/02\/DSC02741-1.jpg?fit=1712%2C1694&ssl=1\",\"datePublished\":\"2021-06-20T21:28:53+00:00\",\"dateModified\":\"2024-03-03T15:06:00+00:00\",\"description\":\"Bandeau soin du visage cousu dans une \u00e9ponge coton et bambou tr\u00e8s douce et dans un joli coton. Pour vous faire un masque de beaut\u00e9 ou vous d\u00e9maquiller tout en prot\u00e9geant vos cheveux ?\",\"breadcrumb\":{\"@id\":\"https:\/\/laizisabel.com\/index.php\/produit\/bandeau-soin-du-visage\/#breadcrumb\"},\"inLanguage\":\"fr-FR\",\"potentialAction\":[{\"@type\":\"ReadAction\",\"target\":[\"https:\/\/laizisabel.com\/index.php\/produit\/bandeau-soin-du-visage\/\"]}]},{\"@type\":\"ImageObject\",\"inLanguage\":\"fr-FR\",\"@id\":\"https:\/\/laizisabel.com\/index.php\/produit\/bandeau-soin-du-visage\/#primaryimage\",\"url\":\"https:\/\/i0.wp.com\/laizisabel.com\/wp-content\/uploads\/2022\/02\/DSC02741-1.jpg?fit=1712%2C1694&ssl=1\",\"contentUrl\":\"https:\/\/i0.wp.com\/laizisabel.com\/wp-content\/uploads\/2022\/02\/DSC02741-1.jpg?fit=1712%2C1694&ssl=1\",\"width\":1712,\"height\":1694,\"caption\":\"bandeau soin du visage\"},{\"@type\":\"BreadcrumbList\",\"@id\":\"https:\/\/laizisabel.com\/index.php\/produit\/bandeau-soin-du-visage\/#breadcrumb\",\"itemListElement\":[{\"@type\":\"ListItem\",\"position\":1,\"name\":\"Accueil\",\"item\":\"https:\/\/laizisabel.com\/\"},{\"@type\":\"ListItem\",\"position\":2,\"name\":\"Boutique\",\"item\":\"https:\/\/laizisabel.com\/index.php\/boutique\/\"},{\"@type\":\"ListItem\",\"position\":3,\"name\":\"Bandeau soin du visage\"}]},{\"@type\":\"WebSite\",\"@id\":\"https:\/\/laizisabel.com\/#website\",\"url\":\"https:\/\/laizisabel.com\/\",\"name\":\"LAIZISABEL\",\"description\":\"Cr\u00e9ations Couture\",\"publisher\":{\"@id\":\"https:\/\/laizisabel.com\/#organization\"},\"potentialAction\":[{\"@type\":\"SearchAction\",\"target\":{\"@type\":\"EntryPoint\",\"urlTemplate\":\"https:\/\/laizisabel.com\/?s={search_term_string}\"},\"query-input\":{\"@type\":\"PropertyValueSpecification\",\"valueRequired\":true,\"valueName\":\"search_term_string\"}}],\"inLanguage\":\"fr-FR\"},{\"@type\":\"Organization\",\"@id\":\"https:\/\/laizisabel.com\/#organization\",\"name\":\"LAIZISABEL Cr\u00e9ations Couture\",\"url\":\"https:\/\/laizisabel.com\/\",\"logo\":{\"@type\":\"ImageObject\",\"inLanguage\":\"fr-FR\",\"@id\":\"https:\/\/laizisabel.com\/#\/schema\/logo\/image\/\",\"url\":\"https:\/\/i0.wp.com\/laizisabel.com\/wp-content\/uploads\/2021\/05\/logo-rond-texte-473.png?fit=473%2C473&ssl=1\",\"contentUrl\":\"https:\/\/i0.wp.com\/laizisabel.com\/wp-content\/uploads\/2021\/05\/logo-rond-texte-473.png?fit=473%2C473&ssl=1\",\"width\":473,\"height\":473,\"caption\":\"LAIZISABEL Cr\u00e9ations Couture\"},\"image\":{\"@id\":\"https:\/\/laizisabel.com\/#\/schema\/logo\/image\/\"}}]}<\/script>\n<!-- \/ Yoast SEO plugin. -->","yoast_head_json":{"title":"Bandeau soin du visage - LAIZISABEL","description":"Bandeau soin du visage cousu dans une \u00e9ponge coton et bambou tr\u00e8s douce et dans un joli coton. Pour vous faire un masque de beaut\u00e9 ou vous d\u00e9maquiller tout en prot\u00e9geant vos cheveux ?","robots":{"index":"index","follow":"follow","max-snippet":"max-snippet:-1","max-image-preview":"max-image-preview:large","max-video-preview":"max-video-preview:-1"},"canonical":"https:\/\/laizisabel.com\/index.php\/produit\/bandeau-soin-du-visage\/","og_locale":"fr_FR","og_type":"article","og_title":"Bandeau soin du visage - LAIZISABEL","og_description":"Bandeau soin du visage cousu dans une \u00e9ponge coton et bambou tr\u00e8s douce et dans un joli coton. Pour vous faire un masque de beaut\u00e9 ou vous d\u00e9maquiller tout en prot\u00e9geant vos cheveux ?","og_url":"https:\/\/laizisabel.com\/index.php\/produit\/bandeau-soin-du-visage\/","og_site_name":"LAIZISABEL","article_modified_time":"2024-03-03T15:06:00+00:00","og_image":[{"width":1712,"height":1694,"url":"https:\/\/laizisabel.com\/wp-content\/uploads\/2022\/02\/DSC02741-1.jpg","type":"image\/jpeg"}],"twitter_card":"summary_large_image","twitter_misc":{"Dur\u00e9e de lecture estim\u00e9e":"1 minute"},"schema":{"@context":"https:\/\/schema.org","@graph":[{"@type":"WebPage","@id":"https:\/\/laizisabel.com\/index.php\/produit\/bandeau-soin-du-visage\/","url":"https:\/\/laizisabel.com\/index.php\/produit\/bandeau-soin-du-visage\/","name":"Bandeau soin du visage - LAIZISABEL","isPartOf":{"@id":"https:\/\/laizisabel.com\/#website"},"primaryImageOfPage":{"@id":"https:\/\/laizisabel.com\/index.php\/produit\/bandeau-soin-du-visage\/#primaryimage"},"image":{"@id":"https:\/\/laizisabel.com\/index.php\/produit\/bandeau-soin-du-visage\/#primaryimage"},"thumbnailUrl":"https:\/\/i0.wp.com\/laizisabel.com\/wp-content\/uploads\/2022\/02\/DSC02741-1.jpg?fit=1712%2C1694&ssl=1","datePublished":"2021-06-20T21:28:53+00:00","dateModified":"2024-03-03T15:06:00+00:00","description":"Bandeau soin du visage cousu dans une \u00e9ponge coton et bambou tr\u00e8s douce et dans un joli coton. Pour vous faire un masque de beaut\u00e9 ou vous d\u00e9maquiller tout en prot\u00e9geant vos cheveux ?","breadcrumb":{"@id":"https:\/\/laizisabel.com\/index.php\/produit\/bandeau-soin-du-visage\/#breadcrumb"},"inLanguage":"fr-FR","potentialAction":[{"@type":"ReadAction","target":["https:\/\/laizisabel.com\/index.php\/produit\/bandeau-soin-du-visage\/"]}]},{"@type":"ImageObject","inLanguage":"fr-FR","@id":"https:\/\/laizisabel.com\/index.php\/produit\/bandeau-soin-du-visage\/#primaryimage","url":"https:\/\/i0.wp.com\/laizisabel.com\/wp-content\/uploads\/2022\/02\/DSC02741-1.jpg?fit=1712%2C1694&ssl=1","contentUrl":"https:\/\/i0.wp.com\/laizisabel.com\/wp-content\/uploads\/2022\/02\/DSC02741-1.jpg?fit=1712%2C1694&ssl=1","width":1712,"height":1694,"caption":"bandeau soin du visage"},{"@type":"BreadcrumbList","@id":"https:\/\/laizisabel.com\/index.php\/produit\/bandeau-soin-du-visage\/#breadcrumb","itemListElement":[{"@type":"ListItem","position":1,"name":"Accueil","item":"https:\/\/laizisabel.com\/"},{"@type":"ListItem","position":2,"name":"Boutique","item":"https:\/\/laizisabel.com\/index.php\/boutique\/"},{"@type":"ListItem","position":3,"name":"Bandeau soin du visage"}]},{"@type":"WebSite","@id":"https:\/\/laizisabel.com\/#website","url":"https:\/\/laizisabel.com\/","name":"LAIZISABEL","description":"Cr\u00e9ations Couture","publisher":{"@id":"https:\/\/laizisabel.com\/#organization"},"potentialAction":[{"@type":"SearchAction","target":{"@type":"EntryPoint","urlTemplate":"https:\/\/laizisabel.com\/?s={search_term_string}"},"query-input":{"@type":"PropertyValueSpecification","valueRequired":true,"valueName":"search_term_string"}}],"inLanguage":"fr-FR"},{"@type":"Organization","@id":"https:\/\/laizisabel.com\/#organization","name":"LAIZISABEL Cr\u00e9ations Couture","url":"https:\/\/laizisabel.com\/","logo":{"@type":"ImageObject","inLanguage":"fr-FR","@id":"https:\/\/laizisabel.com\/#\/schema\/logo\/image\/","url":"https:\/\/i0.wp.com\/laizisabel.com\/wp-content\/uploads\/2021\/05\/logo-rond-texte-473.png?fit=473%2C473&ssl=1","contentUrl":"https:\/\/i0.wp.com\/laizisabel.com\/wp-content\/uploads\/2021\/05\/logo-rond-texte-473.png?fit=473%2C473&ssl=1","width":473,"height":473,"caption":"LAIZISABEL Cr\u00e9ations Couture"},"image":{"@id":"https:\/\/laizisabel.com\/#\/schema\/logo\/image\/"}}]}},"jetpack_sharing_enabled":true,"_links":{"self":[{"href":"https:\/\/laizisabel.com\/index.php\/wp-json\/wp\/v2\/product\/1110","targetHints":{"allow":["GET"]}}],"collection":[{"href":"https:\/\/laizisabel.com\/index.php\/wp-json\/wp\/v2\/product"}],"about":[{"href":"https:\/\/laizisabel.com\/index.php\/wp-json\/wp\/v2\/types\/product"}],"replies":[{"embeddable":true,"href":"https:\/\/laizisabel.com\/index.php\/wp-json\/wp\/v2\/comments?post=1110"}],"version-history":[{"count":0,"href":"https:\/\/laizisabel.com\/index.php\/wp-json\/wp\/v2\/product\/1110\/revisions"}],"wp:featuredmedia":[{"embeddable":true,"href":"https:\/\/laizisabel.com\/index.php\/wp-json\/wp\/v2\/media\/1651"}],"wp:attachment":[{"href":"https:\/\/laizisabel.com\/index.php\/wp-json\/wp\/v2\/media?parent=1110"}],"wp:term":[{"taxonomy":"product_brand","embeddable":true,"href":"https:\/\/laizisabel.com\/index.php\/wp-json\/wp\/v2\/product_brand?post=1110"},{"taxonomy":"product_cat","embeddable":true,"href":"https:\/\/laizisabel.com\/index.php\/wp-json\/wp\/v2\/product_cat?post=1110"},{"taxonomy":"product_tag","embeddable":true,"href":"https:\/\/laizisabel.com\/index.php\/wp-json\/wp\/v2\/product_tag?post=1110"}],"curies":[{"name":"wp","href":"https:\/\/api.w.org\/{rel}","templated":true}]}}