{"id":1088,"date":"2021-06-20T20:25:24","date_gmt":"2021-06-20T18:25:24","guid":{"rendered":"https:\/\/laizisabel.com\/?post_type=product&#038;p=1088"},"modified":"2025-11-23T11:55:40","modified_gmt":"2025-11-23T10:55:40","slug":"paniere-salle-de-bains","status":"publish","type":"product","link":"https:\/\/laizisabel.com\/index.php\/produit\/paniere-salle-de-bains\/","title":{"rendered":"Pani\u00e8re salle de bains"},"content":{"rendered":"<p><strong>Une pani\u00e8re salle de bains<\/strong> cousue dans un joli coton, et pour l&rsquo;autre face dans une \u00e9ponge nid d&rsquo;abeille. Sans couture apparente, elle est enti\u00e8rement r\u00e9versible.<br \/>\nLes 2 tissus sont certifi\u00e9s sans substance nocive pour la sant\u00e9, la peau et l&rsquo;environnement.<\/p>\n<p>Vous pouvez l&rsquo;utiliser en pani\u00e8re de rangement dans une chambre, une salle de bains, selon vos envies et votre d\u00e9coration. Elle sera parfaite pour ranger vos lingettes lavables, votre bandeau soin du visage, vos petits flacons ou maquillage, et \u00e0 c\u00f4t\u00e9 de la table \u00e0 langer pour stocker quelques couches ou les produits de soin pour b\u00e9b\u00e9.<\/p>\n<p>Cousue \u00e0 la maison, en Bourgogne, en toute petite s\u00e9rie.<\/p>\n<p><span style=\"text-decoration: underline;\"><span style=\"font-weight: 400;\">Dimensions<\/span><\/span><span style=\"font-weight: 400;\"> :<br \/>\nL10 x 10 x H12 cm environ<br \/>\n<\/span><\/p>\n<p><span style=\"text-decoration: underline;\"><span style=\"font-weight: 400;\">Composition<\/span><\/span><span style=\"font-weight: 400;\"> :<\/span><span style=\"font-weight: 400;\"><br \/>\n<\/span><span style=\"font-weight: 400;\">Tissu imprim\u00e9 ou double gaze : 100% coton<br \/>\n<\/span><span style=\"font-weight: 400;\">\u00c9ponge nid d&rsquo;abeille : 100% coton<br \/>\n<\/span><span style=\"font-weight: 400;\">Label \u00e9cologique :\u00a0 Oeko-tex-100<br \/>\n<\/span><\/p>\n<p><span style=\"text-decoration: underline;\"><span style=\"font-weight: 400;\">Conseils d&rsquo;usage<\/span><span style=\"font-weight: 400;\"> :<br \/>\n<\/span><\/span><span style=\"font-weight: 400;\">Lavage d\u00e9licat 40\u00b0 max\u00a0 &#8211; Repassage face coton<\/span><\/p>\n","protected":false},"excerpt":{"rendered":"<p>Cousue dans un joli coton, et pour l&rsquo;autre face dans une \u00e9ponge \u00ab\u00a0nid d&rsquo;abeille\u00a0\u00bb. Sans couture apparente, elle est enti\u00e8rement r\u00e9versible. Les 2 tissus sont certifi\u00e9s sans substance nocive pour la sant\u00e9, la peau et l&rsquo;environnement.<\/p>\n<p><span style=\"text-decoration: underline;\"><span style=\"font-weight: 400;\">Dimensions<\/span><\/span><span style=\"font-weight: 400;\"> :<br \/>\nL10 x 10 x H12 cm environ<br \/>\n<\/span><\/p>\n","protected":false},"featured_media":850,"comment_status":"closed","ping_status":"closed","template":"","meta":{"inline_featured_image":false,"ocean_post_layout":"","ocean_both_sidebars_style":"","ocean_both_sidebars_content_width":0,"ocean_both_sidebars_sidebars_width":0,"ocean_sidebar":"0","ocean_second_sidebar":"0","ocean_disable_margins":"enable","ocean_add_body_class":"","ocean_shortcode_before_top_bar":"","ocean_shortcode_after_top_bar":"","ocean_shortcode_before_header":"","ocean_shortcode_after_header":"","ocean_has_shortcode":"","ocean_shortcode_after_title":"","ocean_shortcode_before_footer_widgets":"","ocean_shortcode_after_footer_widgets":"","ocean_shortcode_before_footer_bottom":"","ocean_shortcode_after_footer_bottom":"","ocean_display_top_bar":"default","ocean_display_header":"default","ocean_header_style":"","ocean_center_header_left_menu":"0","ocean_custom_header_template":"0","ocean_custom_logo":0,"ocean_custom_retina_logo":0,"ocean_custom_logo_max_width":0,"ocean_custom_logo_tablet_max_width":0,"ocean_custom_logo_mobile_max_width":0,"ocean_custom_logo_max_height":0,"ocean_custom_logo_tablet_max_height":0,"ocean_custom_logo_mobile_max_height":0,"ocean_header_custom_menu":"0","ocean_menu_typo_font_family":"0","ocean_menu_typo_font_subset":"","ocean_menu_typo_font_size":0,"ocean_menu_typo_font_size_tablet":0,"ocean_menu_typo_font_size_mobile":0,"ocean_menu_typo_font_size_unit":"px","ocean_menu_typo_font_weight":"","ocean_menu_typo_font_weight_tablet":"","ocean_menu_typo_font_weight_mobile":"","ocean_menu_typo_transform":"","ocean_menu_typo_transform_tablet":"","ocean_menu_typo_transform_mobile":"","ocean_menu_typo_line_height":0,"ocean_menu_typo_line_height_tablet":0,"ocean_menu_typo_line_height_mobile":0,"ocean_menu_typo_line_height_unit":"","ocean_menu_typo_spacing":0,"ocean_menu_typo_spacing_tablet":0,"ocean_menu_typo_spacing_mobile":0,"ocean_menu_typo_spacing_unit":"","ocean_menu_link_color":"","ocean_menu_link_color_hover":"","ocean_menu_link_color_active":"","ocean_menu_link_background":"","ocean_menu_link_hover_background":"","ocean_menu_link_active_background":"","ocean_menu_social_links_bg":"","ocean_menu_social_hover_links_bg":"","ocean_menu_social_links_color":"","ocean_menu_social_hover_links_color":"","ocean_disable_title":"default","ocean_disable_heading":"default","ocean_post_title":"","ocean_post_subheading":"","ocean_post_title_style":"","ocean_post_title_background_color":"","ocean_post_title_background":0,"ocean_post_title_bg_image_position":"","ocean_post_title_bg_image_attachment":"","ocean_post_title_bg_image_repeat":"","ocean_post_title_bg_image_size":"","ocean_post_title_height":0,"ocean_post_title_bg_overlay":0.5,"ocean_post_title_bg_overlay_color":"","ocean_disable_breadcrumbs":"default","ocean_breadcrumbs_color":"","ocean_breadcrumbs_separator_color":"","ocean_breadcrumbs_links_color":"","ocean_breadcrumbs_links_hover_color":"","ocean_display_footer_widgets":"default","ocean_display_footer_bottom":"default","ocean_custom_footer_template":"0"},"product_brand":[],"product_cat":[27,28],"product_tag":[24,53,101,26,52,55,41],"class_list":{"0":"post-1088","1":"product","2":"type-product","3":"status-publish","4":"has-post-thumbnail","6":"product_cat-accessoires","7":"product_cat-durable","8":"product_tag-bebe","9":"product_tag-chambre","10":"product_tag-choix-de-tissu","11":"product_tag-eponge","12":"product_tag-paniere","13":"product_tag-salle-de-bain","14":"product_tag-zero-dechet","16":"entry","17":"has-media","19":"first","20":"instock","21":"shipping-taxable","22":"purchasable","23":"product-type-variable","24":"has-product-nav","25":"col","26":"span_1_of_3","27":"owp-content-center","28":"owp-thumbs-layout-horizontal","29":"owp-btn-normal","30":"owp-tabs-layout-horizontal"},"yoast_head":"<!-- This site is optimized with the Yoast SEO plugin v27.0 - https:\/\/yoast.com\/product\/yoast-seo-wordpress\/ -->\n<title>Pani\u00e8re salle de bains - LAIZISABEL<\/title>\n<meta name=\"description\" content=\"Une pani\u00e8re salle de bains cousue dans un joli coton, et pour l&#039;autre face dans une \u00e9ponge nid d&#039;abeille. Elle est enti\u00e8rement r\u00e9versible.\" \/>\n<meta name=\"robots\" content=\"index, follow, max-snippet:-1, max-image-preview:large, max-video-preview:-1\" \/>\n<link rel=\"canonical\" href=\"https:\/\/laizisabel.com\/index.php\/produit\/paniere-salle-de-bains\/\" \/>\n<meta property=\"og:locale\" content=\"fr_FR\" \/>\n<meta property=\"og:type\" content=\"article\" \/>\n<meta property=\"og:title\" content=\"Pani\u00e8re salle de bains - LAIZISABEL\" \/>\n<meta property=\"og:description\" content=\"Une pani\u00e8re salle de bains cousue dans un joli coton, et pour l&#039;autre face dans une \u00e9ponge nid d&#039;abeille. Elle est enti\u00e8rement r\u00e9versible.\" \/>\n<meta property=\"og:url\" content=\"https:\/\/laizisabel.com\/index.php\/produit\/paniere-salle-de-bains\/\" \/>\n<meta property=\"og:site_name\" content=\"LAIZISABEL\" \/>\n<meta property=\"article:modified_time\" content=\"2025-11-23T10:55:40+00:00\" \/>\n<meta property=\"og:image\" content=\"https:\/\/laizisabel.com\/wp-content\/uploads\/2021\/05\/DSC02263.jpg\" \/>\n\t<meta property=\"og:image:width\" content=\"1810\" \/>\n\t<meta property=\"og:image:height\" content=\"1810\" \/>\n\t<meta property=\"og:image:type\" content=\"image\/jpeg\" \/>\n<meta name=\"twitter:card\" content=\"summary_large_image\" \/>\n<meta name=\"twitter:label1\" content=\"Dur\u00e9e de lecture estim\u00e9e\" \/>\n\t<meta name=\"twitter:data1\" content=\"1 minute\" \/>\n<script type=\"application\/ld+json\" class=\"yoast-schema-graph\">{\"@context\":\"https:\/\/schema.org\",\"@graph\":[{\"@type\":\"WebPage\",\"@id\":\"https:\/\/laizisabel.com\/index.php\/produit\/paniere-salle-de-bains\/\",\"url\":\"https:\/\/laizisabel.com\/index.php\/produit\/paniere-salle-de-bains\/\",\"name\":\"Pani\u00e8re salle de bains - LAIZISABEL\",\"isPartOf\":{\"@id\":\"https:\/\/laizisabel.com\/#website\"},\"primaryImageOfPage\":{\"@id\":\"https:\/\/laizisabel.com\/index.php\/produit\/paniere-salle-de-bains\/#primaryimage\"},\"image\":{\"@id\":\"https:\/\/laizisabel.com\/index.php\/produit\/paniere-salle-de-bains\/#primaryimage\"},\"thumbnailUrl\":\"https:\/\/i0.wp.com\/laizisabel.com\/wp-content\/uploads\/2021\/05\/DSC02263.jpg?fit=1810%2C1810&ssl=1\",\"datePublished\":\"2021-06-20T18:25:24+00:00\",\"dateModified\":\"2025-11-23T10:55:40+00:00\",\"description\":\"Une pani\u00e8re salle de bains cousue dans un joli coton, et pour l'autre face dans une \u00e9ponge nid d'abeille. Elle est enti\u00e8rement r\u00e9versible.\",\"breadcrumb\":{\"@id\":\"https:\/\/laizisabel.com\/index.php\/produit\/paniere-salle-de-bains\/#breadcrumb\"},\"inLanguage\":\"fr-FR\",\"potentialAction\":[{\"@type\":\"ReadAction\",\"target\":[\"https:\/\/laizisabel.com\/index.php\/produit\/paniere-salle-de-bains\/\"]}]},{\"@type\":\"ImageObject\",\"inLanguage\":\"fr-FR\",\"@id\":\"https:\/\/laizisabel.com\/index.php\/produit\/paniere-salle-de-bains\/#primaryimage\",\"url\":\"https:\/\/i0.wp.com\/laizisabel.com\/wp-content\/uploads\/2021\/05\/DSC02263.jpg?fit=1810%2C1810&ssl=1\",\"contentUrl\":\"https:\/\/i0.wp.com\/laizisabel.com\/wp-content\/uploads\/2021\/05\/DSC02263.jpg?fit=1810%2C1810&ssl=1\",\"width\":1810,\"height\":1810,\"caption\":\"pani\u00e8re salle de bains\"},{\"@type\":\"BreadcrumbList\",\"@id\":\"https:\/\/laizisabel.com\/index.php\/produit\/paniere-salle-de-bains\/#breadcrumb\",\"itemListElement\":[{\"@type\":\"ListItem\",\"position\":1,\"name\":\"Accueil\",\"item\":\"https:\/\/laizisabel.com\/\"},{\"@type\":\"ListItem\",\"position\":2,\"name\":\"Boutique\",\"item\":\"https:\/\/laizisabel.com\/index.php\/boutique\/\"},{\"@type\":\"ListItem\",\"position\":3,\"name\":\"Pani\u00e8re salle de bains\"}]},{\"@type\":\"WebSite\",\"@id\":\"https:\/\/laizisabel.com\/#website\",\"url\":\"https:\/\/laizisabel.com\/\",\"name\":\"LAIZISABEL\",\"description\":\"Cr\u00e9ations Couture\",\"publisher\":{\"@id\":\"https:\/\/laizisabel.com\/#organization\"},\"potentialAction\":[{\"@type\":\"SearchAction\",\"target\":{\"@type\":\"EntryPoint\",\"urlTemplate\":\"https:\/\/laizisabel.com\/?s={search_term_string}\"},\"query-input\":{\"@type\":\"PropertyValueSpecification\",\"valueRequired\":true,\"valueName\":\"search_term_string\"}}],\"inLanguage\":\"fr-FR\"},{\"@type\":\"Organization\",\"@id\":\"https:\/\/laizisabel.com\/#organization\",\"name\":\"LAIZISABEL Cr\u00e9ations Couture\",\"url\":\"https:\/\/laizisabel.com\/\",\"logo\":{\"@type\":\"ImageObject\",\"inLanguage\":\"fr-FR\",\"@id\":\"https:\/\/laizisabel.com\/#\/schema\/logo\/image\/\",\"url\":\"https:\/\/i0.wp.com\/laizisabel.com\/wp-content\/uploads\/2021\/05\/logo-rond-texte-473.png?fit=473%2C473&ssl=1\",\"contentUrl\":\"https:\/\/i0.wp.com\/laizisabel.com\/wp-content\/uploads\/2021\/05\/logo-rond-texte-473.png?fit=473%2C473&ssl=1\",\"width\":473,\"height\":473,\"caption\":\"LAIZISABEL Cr\u00e9ations Couture\"},\"image\":{\"@id\":\"https:\/\/laizisabel.com\/#\/schema\/logo\/image\/\"}}]}<\/script>\n<!-- \/ Yoast SEO plugin. -->","yoast_head_json":{"title":"Pani\u00e8re salle de bains - LAIZISABEL","description":"Une pani\u00e8re salle de bains cousue dans un joli coton, et pour l'autre face dans une \u00e9ponge nid d'abeille. Elle est enti\u00e8rement r\u00e9versible.","robots":{"index":"index","follow":"follow","max-snippet":"max-snippet:-1","max-image-preview":"max-image-preview:large","max-video-preview":"max-video-preview:-1"},"canonical":"https:\/\/laizisabel.com\/index.php\/produit\/paniere-salle-de-bains\/","og_locale":"fr_FR","og_type":"article","og_title":"Pani\u00e8re salle de bains - LAIZISABEL","og_description":"Une pani\u00e8re salle de bains cousue dans un joli coton, et pour l'autre face dans une \u00e9ponge nid d'abeille. Elle est enti\u00e8rement r\u00e9versible.","og_url":"https:\/\/laizisabel.com\/index.php\/produit\/paniere-salle-de-bains\/","og_site_name":"LAIZISABEL","article_modified_time":"2025-11-23T10:55:40+00:00","og_image":[{"width":1810,"height":1810,"url":"https:\/\/laizisabel.com\/wp-content\/uploads\/2021\/05\/DSC02263.jpg","type":"image\/jpeg"}],"twitter_card":"summary_large_image","twitter_misc":{"Dur\u00e9e de lecture estim\u00e9e":"1 minute"},"schema":{"@context":"https:\/\/schema.org","@graph":[{"@type":"WebPage","@id":"https:\/\/laizisabel.com\/index.php\/produit\/paniere-salle-de-bains\/","url":"https:\/\/laizisabel.com\/index.php\/produit\/paniere-salle-de-bains\/","name":"Pani\u00e8re salle de bains - LAIZISABEL","isPartOf":{"@id":"https:\/\/laizisabel.com\/#website"},"primaryImageOfPage":{"@id":"https:\/\/laizisabel.com\/index.php\/produit\/paniere-salle-de-bains\/#primaryimage"},"image":{"@id":"https:\/\/laizisabel.com\/index.php\/produit\/paniere-salle-de-bains\/#primaryimage"},"thumbnailUrl":"https:\/\/i0.wp.com\/laizisabel.com\/wp-content\/uploads\/2021\/05\/DSC02263.jpg?fit=1810%2C1810&ssl=1","datePublished":"2021-06-20T18:25:24+00:00","dateModified":"2025-11-23T10:55:40+00:00","description":"Une pani\u00e8re salle de bains cousue dans un joli coton, et pour l'autre face dans une \u00e9ponge nid d'abeille. Elle est enti\u00e8rement r\u00e9versible.","breadcrumb":{"@id":"https:\/\/laizisabel.com\/index.php\/produit\/paniere-salle-de-bains\/#breadcrumb"},"inLanguage":"fr-FR","potentialAction":[{"@type":"ReadAction","target":["https:\/\/laizisabel.com\/index.php\/produit\/paniere-salle-de-bains\/"]}]},{"@type":"ImageObject","inLanguage":"fr-FR","@id":"https:\/\/laizisabel.com\/index.php\/produit\/paniere-salle-de-bains\/#primaryimage","url":"https:\/\/i0.wp.com\/laizisabel.com\/wp-content\/uploads\/2021\/05\/DSC02263.jpg?fit=1810%2C1810&ssl=1","contentUrl":"https:\/\/i0.wp.com\/laizisabel.com\/wp-content\/uploads\/2021\/05\/DSC02263.jpg?fit=1810%2C1810&ssl=1","width":1810,"height":1810,"caption":"pani\u00e8re salle de bains"},{"@type":"BreadcrumbList","@id":"https:\/\/laizisabel.com\/index.php\/produit\/paniere-salle-de-bains\/#breadcrumb","itemListElement":[{"@type":"ListItem","position":1,"name":"Accueil","item":"https:\/\/laizisabel.com\/"},{"@type":"ListItem","position":2,"name":"Boutique","item":"https:\/\/laizisabel.com\/index.php\/boutique\/"},{"@type":"ListItem","position":3,"name":"Pani\u00e8re salle de bains"}]},{"@type":"WebSite","@id":"https:\/\/laizisabel.com\/#website","url":"https:\/\/laizisabel.com\/","name":"LAIZISABEL","description":"Cr\u00e9ations Couture","publisher":{"@id":"https:\/\/laizisabel.com\/#organization"},"potentialAction":[{"@type":"SearchAction","target":{"@type":"EntryPoint","urlTemplate":"https:\/\/laizisabel.com\/?s={search_term_string}"},"query-input":{"@type":"PropertyValueSpecification","valueRequired":true,"valueName":"search_term_string"}}],"inLanguage":"fr-FR"},{"@type":"Organization","@id":"https:\/\/laizisabel.com\/#organization","name":"LAIZISABEL Cr\u00e9ations Couture","url":"https:\/\/laizisabel.com\/","logo":{"@type":"ImageObject","inLanguage":"fr-FR","@id":"https:\/\/laizisabel.com\/#\/schema\/logo\/image\/","url":"https:\/\/i0.wp.com\/laizisabel.com\/wp-content\/uploads\/2021\/05\/logo-rond-texte-473.png?fit=473%2C473&ssl=1","contentUrl":"https:\/\/i0.wp.com\/laizisabel.com\/wp-content\/uploads\/2021\/05\/logo-rond-texte-473.png?fit=473%2C473&ssl=1","width":473,"height":473,"caption":"LAIZISABEL Cr\u00e9ations Couture"},"image":{"@id":"https:\/\/laizisabel.com\/#\/schema\/logo\/image\/"}}]}},"jetpack_sharing_enabled":true,"_links":{"self":[{"href":"https:\/\/laizisabel.com\/index.php\/wp-json\/wp\/v2\/product\/1088","targetHints":{"allow":["GET"]}}],"collection":[{"href":"https:\/\/laizisabel.com\/index.php\/wp-json\/wp\/v2\/product"}],"about":[{"href":"https:\/\/laizisabel.com\/index.php\/wp-json\/wp\/v2\/types\/product"}],"replies":[{"embeddable":true,"href":"https:\/\/laizisabel.com\/index.php\/wp-json\/wp\/v2\/comments?post=1088"}],"version-history":[{"count":2,"href":"https:\/\/laizisabel.com\/index.php\/wp-json\/wp\/v2\/product\/1088\/revisions"}],"predecessor-version":[{"id":2287,"href":"https:\/\/laizisabel.com\/index.php\/wp-json\/wp\/v2\/product\/1088\/revisions\/2287"}],"wp:featuredmedia":[{"embeddable":true,"href":"https:\/\/laizisabel.com\/index.php\/wp-json\/wp\/v2\/media\/850"}],"wp:attachment":[{"href":"https:\/\/laizisabel.com\/index.php\/wp-json\/wp\/v2\/media?parent=1088"}],"wp:term":[{"taxonomy":"product_brand","embeddable":true,"href":"https:\/\/laizisabel.com\/index.php\/wp-json\/wp\/v2\/product_brand?post=1088"},{"taxonomy":"product_cat","embeddable":true,"href":"https:\/\/laizisabel.com\/index.php\/wp-json\/wp\/v2\/product_cat?post=1088"},{"taxonomy":"product_tag","embeddable":true,"href":"https:\/\/laizisabel.com\/index.php\/wp-json\/wp\/v2\/product_tag?post=1088"}],"curies":[{"name":"wp","href":"https:\/\/api.w.org\/{rel}","templated":true}]}}