{"id":3,"date":"2019-12-08T15:25:14","date_gmt":"2019-12-08T14:25:14","guid":{"rendered":"http:\/\/laizisabel.com\/?page_id=3"},"modified":"2021-09-20T16:29:59","modified_gmt":"2021-09-20T14:29:59","slug":"politique-de-confidentialite","status":"publish","type":"page","link":"https:\/\/laizisabel.com\/index.php\/politique-de-confidentialite\/","title":{"rendered":"Politique de confidentialit\u00e9"},"content":{"rendered":"\n<h2 class=\"wp-block-heading\">Qui sommes-nous&nbsp;?<\/h2>\n\n\n\n<p>L\u2019adresse de notre site Web est&nbsp;: <a href=\"https:\/\/laizisabel.com\">https:\/\/laizisabel.com<\/a>.<\/p>\n\n\n\n<p>Le RGPD est le &nbsp;R\u00e8glement G\u00e9n\u00e9ral sur la Protection des Donn\u00e9es, soit un ensemble de lois, mis en place par la commission Europ\u00e9enne depuis le 25 Mai 2018 et qui concernent toutes les entreprises qui ont une activit\u00e9 en Europe.<\/p>\n\n\n\n<p>Comme tout site e-commerce, LAIZISABEL collecte des donn\u00e9es sur ses internautes afin d\u2019offrir la meilleure exp\u00e9rience possible sur le site et garantir le bon d\u00e9roulement du passage de commande.<\/p>\n\n\n\n<p>Le responsable du traitement des donn\u00e9es personnelles de ce site est l\u2019entreprise LAIZISABEL, repr\u00e9sent\u00e9e par Isabelle Dumez, &nbsp;dont le si\u00e8ge se situe 34 le Petit M\u00e9rot 71190 LAIZY, n\u00b0 &nbsp;Siret&nbsp;: 892.203.720.00016<\/p>\n\n\n\n<p>Par souci de transparence, &nbsp;vous trouverez sur cette page tous les d\u00e9tails concernant le traitement de vos donn\u00e9es personnelles.<\/p>\n\n\n\n<h2 class=\"wp-block-heading\">Utilisation  et transmission de vos donn\u00e9es personnelles<\/h2>\n\n\n\n<h3 class=\"wp-block-heading\">Commande<\/h3>\n\n\n\n<p> Toutes les informations n\u00e9cessaires pour &nbsp;envoyer votre commande : pr\u00e9nom et nom, email, adresse postale, num\u00e9ro de t\u00e9l\u00e9phone. Ces donn\u00e9es de commande sont bien s\u00fbr utilis\u00e9es par La Poste pour l\u2019exp\u00e9dition de votre colis..<\/p>\n\n\n\n<h3 class=\"wp-block-heading\">Paiements<\/h3>\n\n\n\n<p>Nous acceptons les paiements par carte bancaire via  SumUp. Lors du traitement des paiements, certaines donn\u00e9es seront transmises \u00e0 SumUp, incluant les informations obligatoires \u00e0 l\u2019ex\u00e9cution du paiement, telles que le montant total ou les informations de facturation.<\/p>\n\n\n\n<p>Veuillez lire la <a href=\"https:\/\/sumup.fr\/particuliers\/conditions-generales\/politique-confidentialite\/\">politique de confidentialit\u00e9 de SumUp<\/a> pour plus de d\u00e9tails.<\/p>\n\n\n\n<h2 class=\"wp-block-heading\">Cookies<\/h2>\n\n\n\n<p>Pendant votre visite du site, nous suivons&nbsp;:<\/p>\n\n\n\n<ul class=\"wp-block-list\"><li>Produits que vous avez vus&nbsp;: nous les utilisons pour, par exemple, afficher des produits que vous avez r\u00e9cemment vus.<\/li><li>Localisation, adresse IP et type de navigateur&nbsp;: nous les utilisons pour l\u2018estimation des taxes et frais de port.<\/li><li>Adresse de livraison&nbsp;: nous vous demanderons de la saisir pour estimer les frais d\u2019exp\u00e9dition avant que vous passiez commande, et pour vous envoyer la commande.<\/li><li>Si vous avez un compte et que vous vous connectez sur ce site, un cookie temporaire sera cr\u00e9\u00e9 afin de d\u00e9terminer si votre navigateur accepte les cookies. Il ne contient pas de donn\u00e9es personnelles et sera supprim\u00e9 automatiquement \u00e0 la fermeture de votre navigateur.<\/li><li>Lorsque vous vous connecterez, nous mettrons en place un certain nombre de cookies pour enregistrer vos informations de connexion et vos pr\u00e9f\u00e9rences d\u2019\u00e9cran. La dur\u00e9e de vie d\u2019un cookie de connexion est de deux jours, celle d\u2019un cookie d\u2019option d\u2019\u00e9cran est d\u2019un an. <\/li><li>Si vous cochez \u00ab&nbsp;Se souvenir de moi&nbsp;\u00bb, votre cookie de connexion sera conserv\u00e9 pendant deux semaines. Si vous vous d\u00e9connectez de votre compte, le cookie de connexion sera effac\u00e9.<\/li><\/ul>\n\n\n\n<h2 class=\"wp-block-heading\">Dur\u00e9e de stockage de vos donn\u00e9es<\/h2>\n\n\n\n<p>Pour les utilisateurs et utilisatrices qui s\u2019enregistrent sur notre site, nous stockons \u00e9galement les donn\u00e9es personnelles indiqu\u00e9es dans leur profil. Tous les utilisateurs et utilisatrices peuvent voir, modifier ou supprimer leurs informations personnelles \u00e0 tout moment. Les comptes inactifs seront supprim\u00e9s au bout de deux ans.<\/p>\n\n\n\n<h2 class=\"wp-block-heading\">Les droits que vous avez sur vos donn\u00e9es<\/h2>\n\n\n\n<p>Si vous avez un compte, vous pouvez demander \u00e0 recevoir un fichier contenant toutes les donn\u00e9es personnelles que nous poss\u00e9dons \u00e0 votre sujet, incluant celles que vous nous avez fournies. Vous pouvez \u00e9galement demander la suppression des donn\u00e9es personnelles vous concernant \u00e0 <a href=\"mailto:info@laizisabel.com\">info@laizisabel.com<\/a>. Cela ne prend pas en compte les donn\u00e9es stock\u00e9es \u00e0 des fins administratives, l\u00e9gales ou pour des raisons de s\u00e9curit\u00e9.<\/p>\n\n\n\n<h2 class=\"wp-block-heading\">Transmission de vos donn\u00e9es personnelles<\/h2>\n\n\n\n<p>Les donn\u00e9es ne sont ni vendues ni lou\u00e9es et jamais je ne le ferai !&nbsp;Certaines entreprises \u00e9changent des fichiers client pour faire de la prospection commerciale, ce ne sera jamais le cas avec LAIZISABEL. Les donn\u00e9es sont bien conserv\u00e9es au sein de l\u2019Union Europ\u00e9enne.<\/p>\n\n\n\n<h2 class=\"wp-block-heading\">Outils tiers<\/h2>\n\n\n\n<h3 class=\"wp-block-heading\">reCAPTCHA<\/h3>\n\n\n\n<p>Ce site int\u00e8gre reCAPTCHA version 3 \u00e0 des fins de protection contre le spam. L&rsquo;utilisation de cette fonctionnalit\u00e9 est soumise aux <a href=\"https:\/\/www.google.com\/policies\/privacy\/\">R\u00e8gles de confidentialit\u00e9<\/a> et aux <a href=\"https:\/\/www.google.com\/policies\/terms\/\">Conditions d&rsquo;utilisation<\/a> de Google.<\/p>\n","protected":false},"excerpt":{"rendered":"<p>Qui sommes-nous&nbsp;? L\u2019adresse de notre site Web est&nbsp;: https:\/\/laizisabel.com. Le RGPD est le &nbsp;R\u00e8glement G\u00e9n\u00e9ral sur la Protection des Donn\u00e9es, soit un ensemble de lois, mis en place par la commission Europ\u00e9enne depuis le 25 Mai 2018 et qui concernent toutes les entreprises qui ont une activit\u00e9 en Europe. Comme tout site e-commerce, LAIZISABEL collecte [&hellip;]<\/p>\n","protected":false},"author":1,"featured_media":0,"parent":0,"menu_order":0,"comment_status":"closed","ping_status":"open","template":"","meta":{"inline_featured_image":false,"ocean_post_layout":"","ocean_both_sidebars_style":"","ocean_both_sidebars_content_width":0,"ocean_both_sidebars_sidebars_width":0,"ocean_sidebar":"0","ocean_second_sidebar":"0","ocean_disable_margins":"enable","ocean_add_body_class":"","ocean_shortcode_before_top_bar":"","ocean_shortcode_after_top_bar":"","ocean_shortcode_before_header":"","ocean_shortcode_after_header":"","ocean_has_shortcode":"","ocean_shortcode_after_title":"","ocean_shortcode_before_footer_widgets":"","ocean_shortcode_after_footer_widgets":"","ocean_shortcode_before_footer_bottom":"","ocean_shortcode_after_footer_bottom":"","ocean_display_top_bar":"default","ocean_display_header":"default","ocean_header_style":"","ocean_center_header_left_menu":"0","ocean_custom_header_template":"0","ocean_custom_logo":0,"ocean_custom_retina_logo":0,"ocean_custom_logo_max_width":0,"ocean_custom_logo_tablet_max_width":0,"ocean_custom_logo_mobile_max_width":0,"ocean_custom_logo_max_height":0,"ocean_custom_logo_tablet_max_height":0,"ocean_custom_logo_mobile_max_height":0,"ocean_header_custom_menu":"0","ocean_menu_typo_font_family":"0","ocean_menu_typo_font_subset":"","ocean_menu_typo_font_size":0,"ocean_menu_typo_font_size_tablet":0,"ocean_menu_typo_font_size_mobile":0,"ocean_menu_typo_font_size_unit":"px","ocean_menu_typo_font_weight":"","ocean_menu_typo_font_weight_tablet":"","ocean_menu_typo_font_weight_mobile":"","ocean_menu_typo_transform":"","ocean_menu_typo_transform_tablet":"","ocean_menu_typo_transform_mobile":"","ocean_menu_typo_line_height":0,"ocean_menu_typo_line_height_tablet":0,"ocean_menu_typo_line_height_mobile":0,"ocean_menu_typo_line_height_unit":"","ocean_menu_typo_spacing":0,"ocean_menu_typo_spacing_tablet":0,"ocean_menu_typo_spacing_mobile":0,"ocean_menu_typo_spacing_unit":"","ocean_menu_link_color":"","ocean_menu_link_color_hover":"","ocean_menu_link_color_active":"","ocean_menu_link_background":"","ocean_menu_link_hover_background":"","ocean_menu_link_active_background":"","ocean_menu_social_links_bg":"","ocean_menu_social_hover_links_bg":"","ocean_menu_social_links_color":"","ocean_menu_social_hover_links_color":"","ocean_disable_title":"default","ocean_disable_heading":"default","ocean_post_title":"","ocean_post_subheading":"","ocean_post_title_style":"","ocean_post_title_background_color":"","ocean_post_title_background":0,"ocean_post_title_bg_image_position":"","ocean_post_title_bg_image_attachment":"","ocean_post_title_bg_image_repeat":"","ocean_post_title_bg_image_size":"","ocean_post_title_height":0,"ocean_post_title_bg_overlay":0.5,"ocean_post_title_bg_overlay_color":"","ocean_disable_breadcrumbs":"default","ocean_breadcrumbs_color":"","ocean_breadcrumbs_separator_color":"","ocean_breadcrumbs_links_color":"","ocean_breadcrumbs_links_hover_color":"","ocean_display_footer_widgets":"default","ocean_display_footer_bottom":"default","ocean_custom_footer_template":"0","footnotes":""},"class_list":["post-3","page","type-page","status-publish","hentry","entry","owp-thumbs-layout-horizontal","owp-btn-normal","owp-tabs-layout-horizontal","has-no-thumbnails","has-product-nav"],"yoast_head":"<!-- This site is optimized with the Yoast SEO plugin v27.0 - https:\/\/yoast.com\/product\/yoast-seo-wordpress\/ -->\n<title>Politique de confidentialit\u00e9 - LAIZISABEL<\/title>\n<meta name=\"robots\" content=\"noindex, follow\" \/>\n<meta property=\"og:locale\" content=\"fr_FR\" \/>\n<meta property=\"og:type\" content=\"article\" \/>\n<meta property=\"og:title\" content=\"Politique de confidentialit\u00e9 - LAIZISABEL\" \/>\n<meta property=\"og:description\" content=\"Qui sommes-nous&nbsp;? L\u2019adresse de notre site Web est&nbsp;: https:\/\/laizisabel.com. Le RGPD est le &nbsp;R\u00e8glement G\u00e9n\u00e9ral sur la Protection des Donn\u00e9es, soit un ensemble de lois, mis en place par la commission Europ\u00e9enne depuis le 25 Mai 2018 et qui concernent toutes les entreprises qui ont une activit\u00e9 en Europe. Comme tout site e-commerce, LAIZISABEL collecte [&hellip;]\" \/>\n<meta property=\"og:url\" content=\"https:\/\/laizisabel.com\/index.php\/politique-de-confidentialite\/\" \/>\n<meta property=\"og:site_name\" content=\"LAIZISABEL\" \/>\n<meta property=\"article:modified_time\" content=\"2021-09-20T14:29:59+00:00\" \/>\n<meta name=\"twitter:card\" content=\"summary_large_image\" \/>\n<meta name=\"twitter:label1\" content=\"Dur\u00e9e de lecture estim\u00e9e\" \/>\n\t<meta name=\"twitter:data1\" content=\"3 minutes\" \/>\n<script type=\"application\/ld+json\" class=\"yoast-schema-graph\">{\"@context\":\"https:\/\/schema.org\",\"@graph\":[{\"@type\":\"WebPage\",\"@id\":\"https:\/\/laizisabel.com\/index.php\/politique-de-confidentialite\/\",\"url\":\"https:\/\/laizisabel.com\/index.php\/politique-de-confidentialite\/\",\"name\":\"Politique de confidentialit\u00e9 - LAIZISABEL\",\"isPartOf\":{\"@id\":\"https:\/\/laizisabel.com\/#website\"},\"datePublished\":\"2019-12-08T14:25:14+00:00\",\"dateModified\":\"2021-09-20T14:29:59+00:00\",\"breadcrumb\":{\"@id\":\"https:\/\/laizisabel.com\/index.php\/politique-de-confidentialite\/#breadcrumb\"},\"inLanguage\":\"fr-FR\",\"potentialAction\":[{\"@type\":\"ReadAction\",\"target\":[\"https:\/\/laizisabel.com\/index.php\/politique-de-confidentialite\/\"]}]},{\"@type\":\"BreadcrumbList\",\"@id\":\"https:\/\/laizisabel.com\/index.php\/politique-de-confidentialite\/#breadcrumb\",\"itemListElement\":[{\"@type\":\"ListItem\",\"position\":1,\"name\":\"Accueil\",\"item\":\"https:\/\/laizisabel.com\/\"},{\"@type\":\"ListItem\",\"position\":2,\"name\":\"Politique de confidentialit\u00e9\"}]},{\"@type\":\"WebSite\",\"@id\":\"https:\/\/laizisabel.com\/#website\",\"url\":\"https:\/\/laizisabel.com\/\",\"name\":\"LAIZISABEL\",\"description\":\"Cr\u00e9ations Couture\",\"publisher\":{\"@id\":\"https:\/\/laizisabel.com\/#organization\"},\"potentialAction\":[{\"@type\":\"SearchAction\",\"target\":{\"@type\":\"EntryPoint\",\"urlTemplate\":\"https:\/\/laizisabel.com\/?s={search_term_string}\"},\"query-input\":{\"@type\":\"PropertyValueSpecification\",\"valueRequired\":true,\"valueName\":\"search_term_string\"}}],\"inLanguage\":\"fr-FR\"},{\"@type\":\"Organization\",\"@id\":\"https:\/\/laizisabel.com\/#organization\",\"name\":\"LAIZISABEL Cr\u00e9ations Couture\",\"url\":\"https:\/\/laizisabel.com\/\",\"logo\":{\"@type\":\"ImageObject\",\"inLanguage\":\"fr-FR\",\"@id\":\"https:\/\/laizisabel.com\/#\/schema\/logo\/image\/\",\"url\":\"https:\/\/i0.wp.com\/laizisabel.com\/wp-content\/uploads\/2021\/05\/logo-rond-texte-473.png?fit=473%2C473&ssl=1\",\"contentUrl\":\"https:\/\/i0.wp.com\/laizisabel.com\/wp-content\/uploads\/2021\/05\/logo-rond-texte-473.png?fit=473%2C473&ssl=1\",\"width\":473,\"height\":473,\"caption\":\"LAIZISABEL Cr\u00e9ations Couture\"},\"image\":{\"@id\":\"https:\/\/laizisabel.com\/#\/schema\/logo\/image\/\"}}]}<\/script>\n<!-- \/ Yoast SEO plugin. -->","yoast_head_json":{"title":"Politique de confidentialit\u00e9 - LAIZISABEL","robots":{"index":"noindex","follow":"follow"},"og_locale":"fr_FR","og_type":"article","og_title":"Politique de confidentialit\u00e9 - LAIZISABEL","og_description":"Qui sommes-nous&nbsp;? L\u2019adresse de notre site Web est&nbsp;: https:\/\/laizisabel.com. Le RGPD est le &nbsp;R\u00e8glement G\u00e9n\u00e9ral sur la Protection des Donn\u00e9es, soit un ensemble de lois, mis en place par la commission Europ\u00e9enne depuis le 25 Mai 2018 et qui concernent toutes les entreprises qui ont une activit\u00e9 en Europe. Comme tout site e-commerce, LAIZISABEL collecte [&hellip;]","og_url":"https:\/\/laizisabel.com\/index.php\/politique-de-confidentialite\/","og_site_name":"LAIZISABEL","article_modified_time":"2021-09-20T14:29:59+00:00","twitter_card":"summary_large_image","twitter_misc":{"Dur\u00e9e de lecture estim\u00e9e":"3 minutes"},"schema":{"@context":"https:\/\/schema.org","@graph":[{"@type":"WebPage","@id":"https:\/\/laizisabel.com\/index.php\/politique-de-confidentialite\/","url":"https:\/\/laizisabel.com\/index.php\/politique-de-confidentialite\/","name":"Politique de confidentialit\u00e9 - LAIZISABEL","isPartOf":{"@id":"https:\/\/laizisabel.com\/#website"},"datePublished":"2019-12-08T14:25:14+00:00","dateModified":"2021-09-20T14:29:59+00:00","breadcrumb":{"@id":"https:\/\/laizisabel.com\/index.php\/politique-de-confidentialite\/#breadcrumb"},"inLanguage":"fr-FR","potentialAction":[{"@type":"ReadAction","target":["https:\/\/laizisabel.com\/index.php\/politique-de-confidentialite\/"]}]},{"@type":"BreadcrumbList","@id":"https:\/\/laizisabel.com\/index.php\/politique-de-confidentialite\/#breadcrumb","itemListElement":[{"@type":"ListItem","position":1,"name":"Accueil","item":"https:\/\/laizisabel.com\/"},{"@type":"ListItem","position":2,"name":"Politique de confidentialit\u00e9"}]},{"@type":"WebSite","@id":"https:\/\/laizisabel.com\/#website","url":"https:\/\/laizisabel.com\/","name":"LAIZISABEL","description":"Cr\u00e9ations Couture","publisher":{"@id":"https:\/\/laizisabel.com\/#organization"},"potentialAction":[{"@type":"SearchAction","target":{"@type":"EntryPoint","urlTemplate":"https:\/\/laizisabel.com\/?s={search_term_string}"},"query-input":{"@type":"PropertyValueSpecification","valueRequired":true,"valueName":"search_term_string"}}],"inLanguage":"fr-FR"},{"@type":"Organization","@id":"https:\/\/laizisabel.com\/#organization","name":"LAIZISABEL Cr\u00e9ations Couture","url":"https:\/\/laizisabel.com\/","logo":{"@type":"ImageObject","inLanguage":"fr-FR","@id":"https:\/\/laizisabel.com\/#\/schema\/logo\/image\/","url":"https:\/\/i0.wp.com\/laizisabel.com\/wp-content\/uploads\/2021\/05\/logo-rond-texte-473.png?fit=473%2C473&ssl=1","contentUrl":"https:\/\/i0.wp.com\/laizisabel.com\/wp-content\/uploads\/2021\/05\/logo-rond-texte-473.png?fit=473%2C473&ssl=1","width":473,"height":473,"caption":"LAIZISABEL Cr\u00e9ations Couture"},"image":{"@id":"https:\/\/laizisabel.com\/#\/schema\/logo\/image\/"}}]}},"jetpack_sharing_enabled":true,"_links":{"self":[{"href":"https:\/\/laizisabel.com\/index.php\/wp-json\/wp\/v2\/pages\/3","targetHints":{"allow":["GET"]}}],"collection":[{"href":"https:\/\/laizisabel.com\/index.php\/wp-json\/wp\/v2\/pages"}],"about":[{"href":"https:\/\/laizisabel.com\/index.php\/wp-json\/wp\/v2\/types\/page"}],"author":[{"embeddable":true,"href":"https:\/\/laizisabel.com\/index.php\/wp-json\/wp\/v2\/users\/1"}],"replies":[{"embeddable":true,"href":"https:\/\/laizisabel.com\/index.php\/wp-json\/wp\/v2\/comments?post=3"}],"version-history":[{"count":0,"href":"https:\/\/laizisabel.com\/index.php\/wp-json\/wp\/v2\/pages\/3\/revisions"}],"wp:attachment":[{"href":"https:\/\/laizisabel.com\/index.php\/wp-json\/wp\/v2\/media?parent=3"}],"curies":[{"name":"wp","href":"https:\/\/api.w.org\/{rel}","templated":true}]}}